{"id":352,"date":"2025-11-19T21:56:42","date_gmt":"2025-11-19T21:56:42","guid":{"rendered":"https:\/\/www.novea-serenite.com\/?page_id=352"},"modified":"2025-11-19T22:13:18","modified_gmt":"2025-11-19T22:13:18","slug":"pole-particuliers","status":"publish","type":"page","link":"https:\/\/www.novea-serenite.com\/index.php\/portofolio\/pole-particuliers\/","title":{"rendered":"P\u00f4le Administrative pour particuliers"},"content":{"rendered":"\n<p class=\"has-text-align-center has-neve-link-color-color has-text-color has-link-color has-x-large-font-size wp-elements-055ec65dd83f438c2795ce6d032f73e4\"><strong>P\u00f4le : Organisation Administrative Particuliers<\/strong><\/p>\n\n\n<div class=\"wp-block-image\">\n<figure class=\"aligncenter size-full is-resized\"><img data-opt-id=1151749432  fetchpriority=\"high\" decoding=\"async\" width=\"1024\" height=\"1024\" src=\"https:\/\/mlx4fwu4tjnv.i.optimole.com\/w:auto\/h:auto\/q:mauto\/f:best\/http:\/\/www.novea-serenite.com\/wp-content\/uploads\/2025\/11\/1.png\" alt=\"\" class=\"wp-image-324\" style=\"width:654px;height:auto\" srcset=\"https:\/\/mlx4fwu4tjnv.i.optimole.com\/w:1024\/h:1024\/q:mauto\/f:best\/https:\/\/www.novea-serenite.com\/wp-content\/uploads\/2025\/11\/1.png 1024w, https:\/\/mlx4fwu4tjnv.i.optimole.com\/w:300\/h:300\/q:mauto\/f:best\/https:\/\/www.novea-serenite.com\/wp-content\/uploads\/2025\/11\/1.png 300w, https:\/\/mlx4fwu4tjnv.i.optimole.com\/w:150\/h:150\/q:mauto\/f:best\/https:\/\/www.novea-serenite.com\/wp-content\/uploads\/2025\/11\/1.png 150w, https:\/\/mlx4fwu4tjnv.i.optimole.com\/w:768\/h:768\/q:mauto\/f:best\/https:\/\/www.novea-serenite.com\/wp-content\/uploads\/2025\/11\/1.png 768w\" sizes=\"(max-width: 1024px) 100vw, 1024px\" \/><\/figure>\n<\/div>\n\n\n<div style=\"height:100px\" aria-hidden=\"true\" class=\"wp-block-spacer\"><\/div>\n\n\n\n<p>Ce p\u00f4le met en avant l&rsquo;<strong>aide au quotidien<\/strong>, la&nbsp;<strong>clart\u00e9<\/strong>&nbsp;et la&nbsp;<strong>s\u00e9r\u00e9nit\u00e9 personnelle<\/strong>.<\/p>\n\n\n\n<h3 class=\"wp-block-heading has-text-align-center has-neve-link-color-color has-text-color has-link-color has-large-font-size wp-elements-a2fd418d3ab58c76ec51778dcef410cd\">Simplifiez Votre Gestion Personnelle<\/h3>\n\n\n\n<p>La paperasse s&rsquo;accumule ? Les d\u00e9marches administratives deviennent un fardeau ? Nous intervenons directement \u00e0 vos c\u00f4t\u00e9s pour mettre de l&rsquo;ordre dans votre vie administrative. C&rsquo;est un service discret, rigoureux, et enti\u00e8rement d\u00e9di\u00e9 \u00e0 vous rendre votre&nbsp;<strong>tranquillit\u00e9 d&rsquo;esprit<\/strong>.<\/p>\n\n\n\n<h3 class=\"wp-block-heading has-text-align-center has-neve-link-color-color has-text-color has-link-color has-large-font-size wp-elements-2fc804a775783b4b43c489c83a192a00\">Les Services Cl\u00e9s<\/h3>\n\n\n\n<ul class=\"wp-block-list\">\n<li><strong>Aide aux D\u00e9marches Administratives :<\/strong>&nbsp;Assistance pour la compl\u00e9tude de dossiers complexes (retraite, mutuelle, s\u00e9curit\u00e9 sociale, CAF) et suivi des \u00e9changes avec les administrations.<\/li>\n\n\n\n<li><strong>Organisation et Archivage \u00e0 Domicile ou \u00e0 Distance :<\/strong>&nbsp;Tri, classement et archivage de vos documents personnels (factures, imp\u00f4ts, assurances, titres de propri\u00e9t\u00e9) pour un acc\u00e8s rapide et clair.<\/li>\n\n\n\n<li><strong>R\u00e9daction de Courriers Personnels :<\/strong>&nbsp;R\u00e9daction et mise en forme de courriers \u00e0 destination des banques, assurances, ou autres organismes, en garantissant un ton professionnel et pr\u00e9cis.<\/li>\n\n\n\n<li><strong>Pr\u00e9paration pour les Institutions :<\/strong>&nbsp;Aide \u00e0 la collecte et \u00e0 l&rsquo;organisation de pi\u00e8ces justificatives n\u00e9cessaires pour le d\u00e9p\u00f4t de d\u00e9clarations ou de demandes sp\u00e9cifiques.<\/li>\n<\/ul>\n\n\n\n<blockquote class=\"wp-block-quote is-layout-flow wp-block-quote-is-layout-flow\">\n<p><strong>Le B\u00e9n\u00e9fice :<\/strong>&nbsp;Mettre fin au stress administratif gr\u00e2ce \u00e0 un accompagnement organis\u00e9, rigoureux et enti\u00e8rement adapt\u00e9 \u00e0 vos besoins personnels.<\/p>\n<\/blockquote>\n\n\n\n<p><\/p>\n","protected":false},"excerpt":{"rendered":"<p>P\u00f4le : Organisation Administrative Particuliers Ce p\u00f4le met en avant l&rsquo;aide au quotidien, la&nbsp;clart\u00e9&nbsp;et la&nbsp;s\u00e9r\u00e9nit\u00e9 personnelle. Simplifiez Votre Gestion Personnelle La paperasse s&rsquo;accumule ? Les d\u00e9marches administratives deviennent un fardeau ? Nous intervenons directement \u00e0 vos c\u00f4t\u00e9s pour mettre de l&rsquo;ordre dans votre vie administrative. C&rsquo;est un service discret, rigoureux, et enti\u00e8rement d\u00e9di\u00e9 \u00e0 vous&hellip;&nbsp;<a href=\"https:\/\/www.novea-serenite.com\/index.php\/portofolio\/pole-particuliers\/\" rel=\"bookmark\"><span class=\"screen-reader-text\">P\u00f4le Administrative pour particuliers<\/span><\/a><\/p>\n","protected":false},"author":1,"featured_media":0,"parent":23,"menu_order":0,"comment_status":"closed","ping_status":"closed","template":"","meta":{"neve_meta_sidebar":"","neve_meta_container":"","neve_meta_enable_content_width":"","neve_meta_content_width":0,"neve_meta_title_alignment":"","neve_meta_author_avatar":"","neve_post_elements_order":"","neve_meta_disable_header":"","neve_meta_disable_footer":"","neve_meta_disable_title":"","footnotes":""},"class_list":["post-352","page","type-page","status-publish","hentry"],"_links":{"self":[{"href":"https:\/\/www.novea-serenite.com\/index.php\/wp-json\/wp\/v2\/pages\/352","targetHints":{"allow":["GET"]}}],"collection":[{"href":"https:\/\/www.novea-serenite.com\/index.php\/wp-json\/wp\/v2\/pages"}],"about":[{"href":"https:\/\/www.novea-serenite.com\/index.php\/wp-json\/wp\/v2\/types\/page"}],"author":[{"embeddable":true,"href":"https:\/\/www.novea-serenite.com\/index.php\/wp-json\/wp\/v2\/users\/1"}],"replies":[{"embeddable":true,"href":"https:\/\/www.novea-serenite.com\/index.php\/wp-json\/wp\/v2\/comments?post=352"}],"version-history":[{"count":5,"href":"https:\/\/www.novea-serenite.com\/index.php\/wp-json\/wp\/v2\/pages\/352\/revisions"}],"predecessor-version":[{"id":366,"href":"https:\/\/www.novea-serenite.com\/index.php\/wp-json\/wp\/v2\/pages\/352\/revisions\/366"}],"up":[{"embeddable":true,"href":"https:\/\/www.novea-serenite.com\/index.php\/wp-json\/wp\/v2\/pages\/23"}],"wp:attachment":[{"href":"https:\/\/www.novea-serenite.com\/index.php\/wp-json\/wp\/v2\/media?parent=352"}],"curies":[{"name":"wp","href":"https:\/\/api.w.org\/{rel}","templated":true}]}}