{"id":23,"date":"2025-10-16T19:50:42","date_gmt":"2025-10-16T19:50:42","guid":{"rendered":"https:\/\/www.novea-serenite.com\/?page_id=23"},"modified":"2025-11-19T22:04:21","modified_gmt":"2025-11-19T22:04:21","slug":"portofolio","status":"publish","type":"page","link":"https:\/\/www.novea-serenite.com\/index.php\/portofolio\/","title":{"rendered":"Services"},"content":{"rendered":"\n<div class=\"wp-block-cover alignfull\" style=\"min-height:300px;aspect-ratio:unset;\"><span aria-hidden=\"true\" class=\"wp-block-cover__background has-nv-site-bg-background-color has-background-dim-100 has-background-dim\"><\/span><div class=\"wp-block-cover__inner-container is-layout-flow wp-block-cover-is-layout-flow\">\n<div class=\"wp-block-group\" style=\"padding-right:var(--wp--preset--spacing--30);padding-left:var(--wp--preset--spacing--30)\"><div class=\"wp-block-group__inner-container is-layout-flow wp-block-group-is-layout-flow\">\n<h1 class=\"wp-block-heading has-text-align-left has-neve-text-color-color has-text-color\">Services<\/h1>\n\n\n\n<h2 class=\"wp-block-heading\">Notre Promesse : L&rsquo;Efficacit\u00e9 au Service de Votre S\u00e9r\u00e9nit\u00e9<\/h2>\n\n\n\n<blockquote class=\"wp-block-quote is-layout-flow wp-block-quote-is-layout-flow\">\n<p>Chez&nbsp;<strong>Nov\u00e9a S\u00e9r\u00e9nit\u00e9<\/strong>, nous comprenons que la charge administrative et le flux t\u00e9l\u00e9phonique sont souvent des freins \u00e0 votre concentration et \u00e0 votre productivit\u00e9. Notre mission est de lever ces obstacles.<\/p>\n\n\n\n<p>Gr\u00e2ce \u00e0 notre double expertise \u2013 la&nbsp;<strong>rigueur du P\u00f4le M\u00e9dical<\/strong>&nbsp;et la&nbsp;<strong>flexibilit\u00e9 de l&rsquo;Assistance Administrative<\/strong>\u2013 nous vous offrons une solution sur mesure, s\u00e9curis\u00e9e et hautement qualifi\u00e9e.<\/p>\n\n\n\n<p><strong>Laissez-nous g\u00e9rer les d\u00e9tails. Concentrez-vous sur l&rsquo;essentiel.<\/strong><\/p>\n\n\n\n<p>D\u00e9couvrez ci-dessous les p\u00f4les d&rsquo;expertise qui vous est d\u00e9di\u00e9 :<\/p>\n<\/blockquote>\n<\/div><\/div>\n<\/div><\/div>\n\n\n\n<div class=\"wp-block-cover alignfull\" style=\"min-height:600px;aspect-ratio:unset;\"><span aria-hidden=\"true\" class=\"wp-block-cover__background has-nv-light-bg-background-color has-background-dim-100 has-background-dim\"><\/span><div class=\"wp-block-cover__inner-container is-layout-flow wp-block-cover-is-layout-flow\">\n<div class=\"wp-block-group\"><div class=\"wp-block-group__inner-container is-layout-flow wp-block-group-is-layout-flow\">\n<div style=\"height:80px\" aria-hidden=\"true\" class=\"wp-block-spacer\"><\/div>\n\n\n\n<div class=\"wp-block-columns are-vertically-aligned-center is-layout-flex wp-container-core-columns-is-layout-9d6595d7 wp-block-columns-is-layout-flex\">\n<div class=\"wp-block-column is-vertically-aligned-center is-layout-flow wp-block-column-is-layout-flow\" style=\"padding-right:var(--wp--preset--spacing--30);padding-left:var(--wp--preset--spacing--30);flex-basis:50%\">\n<figure class=\"wp-block-image size-full has-custom-border\"><img data-opt-id=1936267306  fetchpriority=\"high\" decoding=\"async\" width=\"150\" height=\"150\" src=\"https:\/\/mlx4fwu4tjnv.i.optimole.com\/w:auto\/h:auto\/q:auto\/id:93ded0ccd8885346320adf8bd20a4c97\/directUpload\/1.svg\" alt=\"\" class=\"wp-image-138\" style=\"border-radius:24px;aspect-ratio:1;object-fit:cover\"\/><\/figure>\n\n\n\n<div style=\"height:24px\" aria-hidden=\"true\" class=\"wp-block-spacer\"><\/div>\n\n\n\n<h3 class=\"wp-block-heading has-text-align-center has-neve-text-color-color has-text-color\">T\u00e9l\u00e9secr\u00e9tariat M\u00e9dical Sp\u00e9cialis\u00e9<\/h3>\n\n\n\n<p class=\"has-text-align-center has-neve-text-color-color has-text-color\">Nous sommes la voix qualifi\u00e9e de votre cabinet. Nous g\u00e9rons agendas complexes, triage d&rsquo;urgence et qualification des appels, avec la <strong>rigueur du protocole<\/strong>&nbsp;et l&rsquo;usage s\u00e9curis\u00e9 de <strong>Teambox et Tessy<\/strong>.<\/p>\n\n\n\n<div class=\"wp-block-buttons has-custom-font-size has-small-font-size is-content-justification-center is-layout-flex wp-container-core-buttons-is-layout-16018d1d wp-block-buttons-is-layout-flex\">\n<div class=\"wp-block-button is-style-default\"><a class=\"wp-block-button__link has-nv-text-dark-bg-color has-custom-5-background-color has-text-color has-background has-link-color has-custom-font-size wp-element-button\" href=\"https:\/\/www.novea-serenite.com\/wp-admin\/post.php?post=171&amp;action=edit\" style=\"font-size:16px\">En savoir plus<\/a><\/div>\n<\/div>\n\n\n\n<div style=\"height:40px\" aria-hidden=\"true\" class=\"wp-block-spacer\"><\/div>\n<\/div>\n\n\n\n<div class=\"wp-block-column is-vertically-aligned-center is-layout-flow wp-block-column-is-layout-flow\" style=\"padding-right:var(--wp--preset--spacing--30);padding-left:var(--wp--preset--spacing--30);flex-basis:50%\">\n<figure class=\"wp-block-image size-full has-custom-border\"><img data-opt-id=511860517  fetchpriority=\"high\" decoding=\"async\" width=\"1920\" height=\"1280\" src=\"https:\/\/mlx4fwu4tjnv.i.optimole.com\/w:auto\/h:auto\/q:mauto\/f:best\/http:\/\/www.novea-serenite.com\/wp-content\/uploads\/2025\/11\/secretary-2199013_1920.jpg\" alt=\"\" class=\"wp-image-309\" style=\"border-radius:24px;aspect-ratio:1;object-fit:cover\" srcset=\"https:\/\/mlx4fwu4tjnv.i.optimole.com\/w:1920\/h:1280\/q:mauto\/f:best\/https:\/\/www.novea-serenite.com\/wp-content\/uploads\/2025\/11\/secretary-2199013_1920.jpg 1920w, https:\/\/mlx4fwu4tjnv.i.optimole.com\/w:300\/h:200\/q:mauto\/f:best\/https:\/\/www.novea-serenite.com\/wp-content\/uploads\/2025\/11\/secretary-2199013_1920.jpg 300w, https:\/\/mlx4fwu4tjnv.i.optimole.com\/w:1024\/h:683\/q:mauto\/f:best\/https:\/\/www.novea-serenite.com\/wp-content\/uploads\/2025\/11\/secretary-2199013_1920.jpg 1024w, https:\/\/mlx4fwu4tjnv.i.optimole.com\/w:768\/h:512\/q:mauto\/f:best\/https:\/\/www.novea-serenite.com\/wp-content\/uploads\/2025\/11\/secretary-2199013_1920.jpg 768w, https:\/\/mlx4fwu4tjnv.i.optimole.com\/w:1536\/h:1024\/q:mauto\/f:best\/https:\/\/www.novea-serenite.com\/wp-content\/uploads\/2025\/11\/secretary-2199013_1920.jpg 1536w, https:\/\/mlx4fwu4tjnv.i.optimole.com\/w:930\/h:620\/q:mauto\/f:best\/https:\/\/www.novea-serenite.com\/wp-content\/uploads\/2025\/11\/secretary-2199013_1920.jpg 930w\" sizes=\"(max-width: 1200px) 100vw, 1200px\" \/><\/figure>\n\n\n\n<div style=\"height:24px\" aria-hidden=\"true\" class=\"wp-block-spacer\"><\/div>\n\n\n\n<h3 class=\"wp-block-heading has-text-align-center has-neve-text-color-color has-text-color\">Assistance Administrative pour Pros<\/h3>\n\n\n\n<p class=\"has-text-align-center has-neve-text-color-color has-text-color\">Lib\u00e9rez-vous des t\u00e2ches chronophages : facturation, suivi de dossiers, saisie, classement, et r\u00e9daction de courriers professionnels. Un support&nbsp;<strong>flexible<\/strong>&nbsp;pour booster votre&nbsp;<strong>efficacit\u00e9 op\u00e9rationnelle<\/strong>.<\/p>\n\n\n\n<div class=\"wp-block-buttons has-custom-font-size has-small-font-size is-content-justification-center is-layout-flex wp-container-core-buttons-is-layout-16018d1d wp-block-buttons-is-layout-flex\">\n<div class=\"wp-block-button is-style-default\"><a class=\"wp-block-button__link has-nv-text-dark-bg-color has-custom-5-background-color has-text-color has-background has-link-color has-custom-font-size wp-element-button\" href=\"https:\/\/www.novea-serenite.com\/index.php\/pole-administrative\/\" style=\"font-size:16px\">En savoir plus<\/a><\/div>\n<\/div>\n\n\n\n<div style=\"height:40px\" aria-hidden=\"true\" class=\"wp-block-spacer\"><\/div>\n<\/div>\n\n\n\n<div class=\"wp-block-column is-vertically-aligned-center is-layout-flow wp-block-column-is-layout-flow\" style=\"padding-right:var(--wp--preset--spacing--30);padding-left:var(--wp--preset--spacing--30);flex-basis:50%\">\n<figure class=\"wp-block-image size-full has-custom-border\"><img data-opt-id=1345355652  data-opt-src=\"https:\/\/mlx4fwu4tjnv.i.optimole.com\/w:auto\/h:auto\/q:mauto\/f:best\/https:\/\/www.novea-serenite.com\/wp-content\/themes\/neve\/assets\/img\/starter-content\/neve-marketing-agency-14.png\"  decoding=\"async\" src=\"data:image/svg+xml,%3Csvg%20viewBox%3D%220%200%20100%%20100%%22%20width%3D%22100%%22%20height%3D%22100%%22%20xmlns%3D%22http%3A%2F%2Fwww.w3.org%2F2000%2Fsvg%22%3E%3Crect%20width%3D%22100%%22%20height%3D%22100%%22%20fill%3D%22transparent%22%2F%3E%3C%2Fsvg%3E\" alt=\"\" style=\"border-radius:24px\"\/><\/figure>\n\n\n\n<div style=\"height:24px\" aria-hidden=\"true\" class=\"wp-block-spacer\"><\/div>\n\n\n\n<h3 class=\"wp-block-heading has-text-align-center has-neve-text-color-color has-text-color\">Organisation Administrative Particuliers<\/h3>\n\n\n\n<p class=\"has-text-align-center\">Nous vous aidons \u00e0 retrouver votre s\u00e9r\u00e9nit\u00e9 au quotidien. Aide aux d\u00e9marches, classement de documents personnels (assurance, banque), et r\u00e9daction de courriers administratifs sur-mesure.<\/p>\n\n\n\n<div style=\"height:1px\" aria-hidden=\"true\" class=\"wp-block-spacer\"><\/div>\n\n\n\n<div class=\"wp-block-buttons has-custom-font-size has-small-font-size is-content-justification-center is-layout-flex wp-container-core-buttons-is-layout-16018d1d wp-block-buttons-is-layout-flex\">\n<div class=\"wp-block-button is-style-default\"><a class=\"wp-block-button__link has-nv-text-dark-bg-color has-custom-5-background-color has-text-color has-background has-link-color has-custom-font-size wp-element-button\" href=\"https:\/\/www.novea-serenite.com\/index.php\/portofolio\/pole-particuliers\/\" style=\"font-size:16px\">En savoir plus<\/a><\/div>\n<\/div>\n\n\n\n<div style=\"height:40px\" aria-hidden=\"true\" class=\"wp-block-spacer\"><\/div>\n<\/div>\n<\/div>\n\n\n\n<div style=\"height:40px\" aria-hidden=\"true\" class=\"wp-block-spacer\"><\/div>\n<\/div><\/div>\n<\/div><\/div>\n\n\n\n<div class=\"wp-block-cover alignfull\" style=\"padding-right:0;padding-left:0;min-height:300px;aspect-ratio:unset;\"><span aria-hidden=\"true\" class=\"wp-block-cover__background has-neve-link-color-background-color has-background-dim-100 has-background-dim\"><\/span><div class=\"wp-block-cover__inner-container is-layout-flow wp-block-cover-is-layout-flow\">\n<div class=\"wp-block-columns is-layout-flex wp-container-core-columns-is-layout-9d6595d7 wp-block-columns-is-layout-flex\">\n<div class=\"wp-block-column is-layout-flow wp-block-column-is-layout-flow\" style=\"flex-basis:20%\"><\/div>\n\n\n\n<div class=\"wp-block-column is-layout-flow wp-block-column-is-layout-flow\" style=\"flex-basis:60%\">\n<div class=\"wp-block-group\" style=\"padding-right:var(--wp--preset--spacing--30);padding-left:var(--wp--preset--spacing--30)\"><div class=\"wp-block-group__inner-container is-layout-constrained wp-container-core-group-is-layout-a68114f4 wp-block-group-is-layout-constrained\">\n<div style=\"height:80px\" aria-hidden=\"true\" class=\"wp-block-spacer\"><\/div>\n\n\n<div class=\"wp-block-image is-style-rounded\">\n<figure class=\"aligncenter size-full is-resized\"><img data-opt-id=1259497229  data-opt-src=\"https:\/\/mlx4fwu4tjnv.i.optimole.com\/w:auto\/h:auto\/q:mauto\/f:best\/http:\/\/www.novea-serenite.com\/wp-content\/uploads\/2025\/10\/cropped-Novea-Serenite-2.png\"  decoding=\"async\" width=\"200\" height=\"148\" src=\"data:image/svg+xml,%3Csvg%20viewBox%3D%220%200%20100%%20100%%22%20width%3D%22100%%22%20height%3D%22100%%22%20xmlns%3D%22http%3A%2F%2Fwww.w3.org%2F2000%2Fsvg%22%3E%3Crect%20width%3D%22100%%22%20height%3D%22100%%22%20fill%3D%22transparent%22%2F%3E%3C%2Fsvg%3E\" alt=\"\" class=\"wp-image-60\" style=\"aspect-ratio:1;width:96px;height:auto\"\/><\/figure>\n<\/div>\n\n\n<div style=\"height:24px\" aria-hidden=\"true\" class=\"wp-block-spacer\"><\/div>\n\n\n\n<p class=\"has-text-align-center has-nv-text-dark-bg-color has-text-color has-medium-font-size\">\u00a0\u00bb Votre temps est votre expertise. La n\u00f4tre est de le s\u00e9curiser.\u00a0\u00bb<\/p>\n\n\n\n<p class=\"has-text-align-center has-nv-text-dark-bg-color has-text-color has-medium-font-size\"><strong><em>Aur\u00e9lie ESSAFIANI<\/em><\/strong><\/p>\n\n\n\n<div style=\"height:40px\" aria-hidden=\"true\" class=\"wp-block-spacer\"><\/div>\n<\/div><\/div>\n<\/div>\n\n\n\n<div class=\"wp-block-column is-layout-flow wp-block-column-is-layout-flow\" style=\"flex-basis:20%\"><\/div>\n<\/div>\n<\/div><\/div>\n","protected":false},"excerpt":{"rendered":"","protected":false},"author":1,"featured_media":0,"parent":0,"menu_order":0,"comment_status":"closed","ping_status":"closed","template":"","meta":{"neve_meta_sidebar":"","neve_meta_container":"","neve_meta_enable_content_width":"on","neve_meta_content_width":100,"neve_meta_title_alignment":"","neve_meta_author_avatar":"","neve_post_elements_order":"","neve_meta_disable_header":"","neve_meta_disable_footer":"","neve_meta_disable_title":"on","footnotes":""},"class_list":["post-23","page","type-page","status-publish","hentry"],"_links":{"self":[{"href":"https:\/\/www.novea-serenite.com\/index.php\/wp-json\/wp\/v2\/pages\/23","targetHints":{"allow":["GET"]}}],"collection":[{"href":"https:\/\/www.novea-serenite.com\/index.php\/wp-json\/wp\/v2\/pages"}],"about":[{"href":"https:\/\/www.novea-serenite.com\/index.php\/wp-json\/wp\/v2\/types\/page"}],"author":[{"embeddable":true,"href":"https:\/\/www.novea-serenite.com\/index.php\/wp-json\/wp\/v2\/users\/1"}],"replies":[{"embeddable":true,"href":"https:\/\/www.novea-serenite.com\/index.php\/wp-json\/wp\/v2\/comments?post=23"}],"version-history":[{"count":4,"href":"https:\/\/www.novea-serenite.com\/index.php\/wp-json\/wp\/v2\/pages\/23\/revisions"}],"predecessor-version":[{"id":358,"href":"https:\/\/www.novea-serenite.com\/index.php\/wp-json\/wp\/v2\/pages\/23\/revisions\/358"}],"wp:attachment":[{"href":"https:\/\/www.novea-serenite.com\/index.php\/wp-json\/wp\/v2\/media?parent=23"}],"curies":[{"name":"wp","href":"https:\/\/api.w.org\/{rel}","templated":true}]}}