{"id":22,"date":"2025-10-16T19:50:42","date_gmt":"2025-10-16T19:50:42","guid":{"rendered":"https:\/\/www.novea-serenite.com\/?page_id=22"},"modified":"2025-11-08T14:07:37","modified_gmt":"2025-11-08T14:07:37","slug":"contact","status":"publish","type":"page","link":"https:\/\/www.novea-serenite.com\/index.php\/contact\/","title":{"rendered":"Contact"},"content":{"rendered":"\n<p class=\"has-text-align-center has-neve-link-hover-color-color has-text-color has-link-color wp-elements-6f68cc7c7fca48efa7be5b286c95029b\" style=\"font-size:1.7rem\"><strong>Ne perdez plus de temps !&nbsp;Remplissez ce formulaire et laissez&nbsp;Nov\u00e9a S\u00e9r\u00e9nit\u00e9&nbsp;vous apporter la solution.<\/strong><\/p>\n\n\n<style id=\"wpforms-css-vars-284-block-48e3e5be-775c-49ec-8d85-d1f63c4c8ed8\">\n\t\t\t\t#wpforms-284.wpforms-block-48e3e5be-775c-49ec-8d85-d1f63c4c8ed8 {\n\t\t\t\t--wpforms-field-border-style: dotted;\n--wpforms-field-background-color: var(--custom-3);\n--wpforms-field-border-color: var(--nv-secondary-accent);\n--wpforms-field-border-color-spare: var(--nv-secondary-accent);\n--wpforms-field-menu-color: var(--custom-5);\n--wpforms-button-background-color: var(--custom-5);\n--wpforms-button-text-color: var(--nv-text-dark-bg);\n--wpforms-field-size-input-height: 43px;\n--wpforms-field-size-input-spacing: 15px;\n--wpforms-field-size-font-size: 16px;\n--wpforms-field-size-line-height: 19px;\n--wpforms-field-size-padding-h: 14px;\n--wpforms-field-size-checkbox-size: 16px;\n--wpforms-field-size-sublabel-spacing: 5px;\n--wpforms-field-size-icon-size: 1;\n--wpforms-label-size-font-size: 16px;\n--wpforms-label-size-line-height: 19px;\n--wpforms-label-size-sublabel-font-size: 14px;\n--wpforms-label-size-sublabel-line-height: 17px;\n--wpforms-button-size-font-size: 17px;\n--wpforms-button-size-height: 41px;\n--wpforms-button-size-padding-h: 15px;\n--wpforms-button-size-margin-top: 10px;\n\t\t\t}\n\t\t\t<\/style><div class=\"wpforms-container wpforms-container-full wpforms-block wpforms-block-48e3e5be-775c-49ec-8d85-d1f63c4c8ed8 wpforms-render-modern\" id=\"wpforms-284\"><form id=\"wpforms-form-284\" class=\"wpforms-validate wpforms-form wpforms-ajax-form\" data-formid=\"284\" method=\"post\" enctype=\"multipart\/form-data\" action=\"\/index.php\/wp-json\/wp\/v2\/pages\/22\" data-token=\"09454d9fced904d805afc128f5c62cbf\" data-token-time=\"1776688379\"><noscript class=\"wpforms-error-noscript\">Veuillez activer JavaScript dans votre navigateur pour remplir ce formulaire.<\/noscript><div id=\"wpforms-error-noscript\" style=\"display: none;\">Veuillez activer JavaScript dans votre navigateur pour remplir ce formulaire.<\/div><div class=\"wpforms-field-container\"><div id=\"wpforms-284-field_1-container\" class=\"wpforms-field wpforms-field-name\" data-field-id=\"1\"><label class=\"wpforms-field-label\" for=\"wpforms-284-field_1\">Nom, Pr\u00e9nom <span class=\"wpforms-required-label\" aria-hidden=\"true\">*<\/span><\/label><input type=\"text\" id=\"wpforms-284-field_1\" class=\"wpforms-field-medium wpforms-field-required\" name=\"wpforms[fields][1]\" aria-errormessage=\"wpforms-284-field_1-error\" required><\/div><div id=\"wpforms-284-field_2-container\" class=\"wpforms-field wpforms-field-email\" data-field-id=\"2\"><label class=\"wpforms-field-label\" for=\"wpforms-284-field_2\">E-mail <span class=\"wpforms-required-label\" aria-hidden=\"true\">*<\/span><\/label><input type=\"email\" id=\"wpforms-284-field_2\" class=\"wpforms-field-medium wpforms-field-required\" name=\"wpforms[fields][2]\" spellcheck=\"false\" aria-errormessage=\"wpforms-284-field_2-error\" required><\/div><div id=\"wpforms-284-field_5-container\" class=\"wpforms-field wpforms-field-radio wpforms-list-3-columns\" data-field-id=\"5\"><fieldset><legend class=\"wpforms-field-label\">Services <span class=\"wpforms-required-label\" aria-hidden=\"true\">*<\/span><\/legend><ul id=\"wpforms-284-field_5\" class=\"wpforms-field-required\"><li class=\"choice-1 depth-1\"><input type=\"radio\" id=\"wpforms-284-field_5_1\" name=\"wpforms[fields][5]\" value=\"P\u00f4le Administratif\" aria-errormessage=\"wpforms-284-field_5_1-error\" required ><label class=\"wpforms-field-label-inline\" for=\"wpforms-284-field_5_1\">P\u00f4le Administratif<\/label><\/li><li class=\"choice-2 depth-1\"><input type=\"radio\" id=\"wpforms-284-field_5_2\" name=\"wpforms[fields][5]\" value=\"P\u00f4le M\u00e9dical\" aria-errormessage=\"wpforms-284-field_5_2-error\" required ><label class=\"wpforms-field-label-inline\" for=\"wpforms-284-field_5_2\">P\u00f4le M\u00e9dical<\/label><\/li><li class=\"choice-3 depth-1\"><input type=\"radio\" id=\"wpforms-284-field_5_3\" name=\"wpforms[fields][5]\" value=\"Les deux\" aria-errormessage=\"wpforms-284-field_5_3-error\" required ><label class=\"wpforms-field-label-inline\" for=\"wpforms-284-field_5_3\">Les deux<\/label><\/li><\/ul><\/fieldset><\/div><div id=\"wpforms-284-field_6-container\" class=\"wpforms-field wpforms-field-select wpforms-field-select-style-classic\" data-field-id=\"6\"><label class=\"wpforms-field-label\" for=\"wpforms-284-field_6\">Choix de la demande <span class=\"wpforms-required-label\" aria-hidden=\"true\">*<\/span><\/label><select id=\"wpforms-284-field_6\" class=\"wpforms-field-medium wpforms-field-required\" name=\"wpforms[fields][6]\" required=\"required\"><option value=\"\" class=\"placeholder\" disabled  selected='selected'>&#8212; S\u00e9lectionner un choix &#8212;<\/option><option value=\"Demande de devis personnalis\u00e9\"  class=\"choice-1 depth-1\"  >Demande de devis personnalis\u00e9<\/option><option value=\"Demande de rendez-vous\"  class=\"choice-2 depth-1\"  >Demande de rendez-vous<\/option><option value=\"Demande des tarifs\"  class=\"choice-3 depth-1\"  >Demande des tarifs<\/option><\/select><\/div>\t\t<div id=\"wpforms-284-field_4-container\"\n\t\t\tclass=\"wpforms-field wpforms-field-text\"\n\t\t\tdata-field-type=\"text\"\n\t\t\tdata-field-id=\"4\"\n\t\t\t>\n\t\t\t<label class=\"wpforms-field-label\" for=\"wpforms-284-field_4\" >estim\u00e9s de demande<\/label>\n\t\t\t<input type=\"text\" id=\"wpforms-284-field_4\" class=\"wpforms-field-medium\" name=\"wpforms[fields][4]\" >\n\t\t<\/div>\n\t\t<div id=\"wpforms-284-field_7-container\" class=\"wpforms-field wpforms-field-checkbox\" data-field-id=\"7\"><fieldset><legend class=\"wpforms-field-label\">Nombres d&#039;appels mensuel estim\u00e9s<\/legend><ul id=\"wpforms-284-field_7\"><li class=\"choice-1 depth-1\"><input type=\"checkbox\" id=\"wpforms-284-field_7_1\" name=\"wpforms[fields][7][]\" value=\"- 100\" aria-errormessage=\"wpforms-284-field_7_1-error\"  ><label class=\"wpforms-field-label-inline\" for=\"wpforms-284-field_7_1\">&#8211; 100<\/label><\/li><li class=\"choice-2 depth-1\"><input type=\"checkbox\" id=\"wpforms-284-field_7_2\" name=\"wpforms[fields][7][]\" value=\"100 - 500\" aria-errormessage=\"wpforms-284-field_7_2-error\"  ><label class=\"wpforms-field-label-inline\" for=\"wpforms-284-field_7_2\">100 &#8211; 500<\/label><\/li><li class=\"choice-3 depth-1\"><input type=\"checkbox\" id=\"wpforms-284-field_7_3\" name=\"wpforms[fields][7][]\" value=\"500 +\" aria-errormessage=\"wpforms-284-field_7_3-error\"  ><label class=\"wpforms-field-label-inline\" for=\"wpforms-284-field_7_3\">500 +<\/label><\/li><\/ul><\/fieldset><\/div><div id=\"wpforms-284-field_8-container\" class=\"wpforms-field wpforms-field-select wpforms-field-select-style-classic\" data-field-id=\"8\"><label class=\"wpforms-field-label\" for=\"wpforms-284-field_8\">Quand souhaitez-vous d\u00e9marrer ?<\/label><select id=\"wpforms-284-field_8\" class=\"wpforms-field-medium\" name=\"wpforms[fields][8]\"><option value=\"\" class=\"placeholder\" disabled  selected='selected'>&#8212; S\u00e9lectionner un choix &#8212;<\/option><option value=\"Imm\u00e9diatement\"  class=\"choice-1 depth-1\"  >Imm\u00e9diatement<\/option><option value=\"Dans le mois\"  class=\"choice-2 depth-1\"  >Dans le mois<\/option><option value=\"Plus tard\"  class=\"choice-3 depth-1\"  >Plus tard<\/option><\/select><\/div><div id=\"wpforms-284-field_3-container\" class=\"wpforms-field wpforms-field-textarea\" data-field-id=\"3\"><label class=\"wpforms-field-label\" for=\"wpforms-284-field_3\">Votre message (Merci de me pr\u00e9ciser votre profession) <span class=\"wpforms-required-label\" aria-hidden=\"true\">*<\/span><\/label><textarea id=\"wpforms-284-field_3\" class=\"wpforms-field-medium wpforms-field-required\" name=\"wpforms[fields][3]\" aria-errormessage=\"wpforms-284-field_3-error\" required><\/textarea><\/div><script>\n\t\t\t\t( function() {\n\t\t\t\t\tconst style = document.createElement( 'style' );\n\t\t\t\t\tstyle.appendChild( document.createTextNode( '#wpforms-284-field_4-container { position: absolute !important; overflow: hidden !important; display: inline !important; height: 1px !important; width: 1px !important; z-index: -1000 !important; padding: 0 !important; } #wpforms-284-field_4-container input { visibility: hidden; } #wpforms-conversational-form-page #wpforms-284-field_4-container label { counter-increment: none; }' ) );\n\t\t\t\t\tdocument.head.appendChild( style );\n\t\t\t\t\tdocument.currentScript?.remove();\n\t\t\t\t} )();\n\t\t\t<\/script><\/div><!-- .wpforms-field-container --><div class=\"wpforms-submit-container\" ><input type=\"hidden\" name=\"wpforms[id]\" value=\"284\"><input type=\"hidden\" name=\"page_title\" value=\"\"><input type=\"hidden\" name=\"page_url\" value=\"https:\/\/www.novea-serenite.com\/index.php\/wp-json\/wp\/v2\/pages\/22\"><input type=\"hidden\" name=\"url_referer\" value=\"\"><button type=\"submit\" name=\"wpforms[submit]\" id=\"wpforms-submit-284\" class=\"wpforms-submit\" data-alt-text=\"Envoi...\" data-submit-text=\"Envoyer\" aria-live=\"assertive\" value=\"wpforms-submit\">Envoyer<\/button><img data-opt-id=772849420  fetchpriority=\"high\" decoding=\"async\" src=\"https:\/\/mlx4fwu4tjnv.i.optimole.com\/w:auto\/h:auto\/q:mauto\/f:best\/ig:avif\/https:\/\/www.novea-serenite.com\/wp-content\/plugins\/wpforms-lite\/assets\/images\/submit-spin.svg\" class=\"wpforms-submit-spinner\" style=\"display: none;\" width=\"26\" height=\"26\" alt=\"Chargement en cours\"><\/div><\/form><\/div>  <!-- .wpforms-container -->\n\n\n<div class=\"wp-block-cover alignfull has-neve-link-hover-color-color has-text-color has-link-color wp-elements-3e2420d512a5c78be453342b3dc69a9c\" style=\"min-height:420px;aspect-ratio:unset;\"><span aria-hidden=\"true\" class=\"wp-block-cover__background has-nv-light-bg-background-color has-background-dim-100 has-background-dim\"><\/span><div class=\"wp-block-cover__inner-container is-layout-flow wp-block-cover-is-layout-flow\">\n<div class=\"wp-block-columns is-layout-flex wp-container-core-columns-is-layout-9d6595d7 wp-block-columns-is-layout-flex\">\n<div class=\"wp-block-column ticss-4ce656f1 is-layout-flow wp-block-column-is-layout-flow\" style=\"padding-right:var(--wp--preset--spacing--30);padding-left:var(--wp--preset--spacing--30)\">\n<div class=\"wp-block-group has-nv-site-bg-background-color has-background\" style=\"border-radius:24px\"><div class=\"wp-block-group__inner-container is-layout-flow wp-block-group-is-layout-flow\">\n<div style=\"height:24px\" aria-hidden=\"true\" class=\"wp-block-spacer\"><\/div>\n\n\n<div class=\"wp-block-image icon-style is-style-default\">\n<figure class=\"aligncenter size-full\"><img data-opt-id=861989521  fetchpriority=\"high\" decoding=\"async\" src=\"https:\/\/mlx4fwu4tjnv.i.optimole.com\/w:auto\/h:auto\/q:mauto\/f:best\/https:\/\/www.novea-serenite.com\/wp-content\/themes\/neve\/assets\/img\/starter-content\/neve-marketing-icon-7.png\" alt=\"\"\/><\/figure>\n<\/div>\n\n\n<div style=\"height:24px\" aria-hidden=\"true\" class=\"wp-block-spacer\"><\/div>\n\n\n\n<h3 class=\"wp-block-heading has-text-align-center has-neve-text-color-color has-text-color\">Appelez-moi<\/h3>\n\n\n\n<p class=\"has-text-align-center has-neve-text-color-color has-text-color\" style=\"font-size:15px\">N\u00b006.83.35.93.94 | Lundi  au Vendredi<\/p>\n\n\n\n<div style=\"height:24px\" aria-hidden=\"true\" class=\"wp-block-spacer\"><\/div>\n<\/div><\/div>\n<\/div>\n\n\n\n<div class=\"wp-block-column ticss-f6fc7494 is-layout-flow wp-block-column-is-layout-flow\" style=\"padding-right:var(--wp--preset--spacing--30);padding-left:var(--wp--preset--spacing--30)\">\n<div class=\"wp-block-group has-nv-site-bg-background-color has-background\" style=\"border-radius:24px\"><div class=\"wp-block-group__inner-container is-layout-flow wp-block-group-is-layout-flow\">\n<div style=\"height:24px\" aria-hidden=\"true\" class=\"wp-block-spacer\"><\/div>\n\n\n<div class=\"wp-block-image icon-style is-style-default\">\n<figure class=\"aligncenter size-full\"><img data-opt-id=893596473  data-opt-src=\"https:\/\/mlx4fwu4tjnv.i.optimole.com\/w:auto\/h:auto\/q:mauto\/f:best\/https:\/\/www.novea-serenite.com\/wp-content\/themes\/neve\/assets\/img\/starter-content\/neve-marketing-icon-5.png\"  decoding=\"async\" src=\"data:image/svg+xml,%3Csvg%20viewBox%3D%220%200%20100%%20100%%22%20width%3D%22100%%22%20height%3D%22100%%22%20xmlns%3D%22http%3A%2F%2Fwww.w3.org%2F2000%2Fsvg%22%3E%3Crect%20width%3D%22100%%22%20height%3D%22100%%22%20fill%3D%22transparent%22%2F%3E%3C%2Fsvg%3E\" alt=\"\"\/><\/figure>\n<\/div>\n\n\n<div style=\"height:24px\" aria-hidden=\"true\" class=\"wp-block-spacer\"><\/div>\n\n\n\n<h3 class=\"wp-block-heading has-text-align-center has-neve-text-color-color has-text-color\">Email<\/h3>\n\n\n\n<p class=\"has-text-align-center has-neve-text-color-color has-text-color\" style=\"font-size:15px\">contact@novea-serenite.com<\/p>\n\n\n\n<div style=\"height:24px\" aria-hidden=\"true\" class=\"wp-block-spacer\"><\/div>\n<\/div><\/div>\n<\/div>\n\n\n\n<div class=\"wp-block-column ticss-a5b4df29 is-layout-flow wp-block-column-is-layout-flow\" style=\"padding-right:var(--wp--preset--spacing--30);padding-left:var(--wp--preset--spacing--30)\">\n<div class=\"wp-block-group has-nv-site-bg-background-color has-background\" style=\"border-radius:24px\"><div class=\"wp-block-group__inner-container is-layout-flow wp-block-group-is-layout-flow\">\n<div style=\"height:24px\" aria-hidden=\"true\" class=\"wp-block-spacer\"><\/div>\n\n\n<div class=\"wp-block-image icon-style is-style-default\">\n<figure class=\"aligncenter size-full\"><img data-opt-id=187731159  data-opt-src=\"https:\/\/mlx4fwu4tjnv.i.optimole.com\/w:auto\/h:auto\/q:mauto\/f:best\/https:\/\/www.novea-serenite.com\/wp-content\/themes\/neve\/assets\/img\/starter-content\/neve-marketing-icon-6.png\"  decoding=\"async\" src=\"data:image/svg+xml,%3Csvg%20viewBox%3D%220%200%20100%%20100%%22%20width%3D%22100%%22%20height%3D%22100%%22%20xmlns%3D%22http%3A%2F%2Fwww.w3.org%2F2000%2Fsvg%22%3E%3Crect%20width%3D%22100%%22%20height%3D%22100%%22%20fill%3D%22transparent%22%2F%3E%3C%2Fsvg%3E\" alt=\"\"\/><\/figure>\n<\/div>\n\n\n<div style=\"height:24px\" aria-hidden=\"true\" class=\"wp-block-spacer\"><\/div>\n\n\n\n<h3 class=\"wp-block-heading has-text-align-center has-neve-text-color-color has-text-color\">Adresse <\/h3>\n\n\n\n<p class=\"has-text-align-center has-neve-text-color-color has-text-color\" style=\"font-size:15px\">53, Rue Paul \u00c9luard &#8211; 89100 &#8211; SENS<\/p>\n\n\n\n<div style=\"height:24px\" aria-hidden=\"true\" class=\"wp-block-spacer\"><\/div>\n<\/div><\/div>\n<\/div>\n<\/div>\n\n\n\n<div style=\"height:30px\" aria-hidden=\"true\" class=\"wp-block-spacer\"><\/div>\n<\/div><\/div>\n\n\n\n<p><\/p>\n","protected":false},"excerpt":{"rendered":"<p>Ne perdez plus de temps !&nbsp;Remplissez ce formulaire et laissez&nbsp;Nov\u00e9a S\u00e9r\u00e9nit\u00e9&nbsp;vous apporter la solution.<\/p>\n","protected":false},"author":1,"featured_media":0,"parent":0,"menu_order":0,"comment_status":"closed","ping_status":"closed","template":"","meta":{"neve_meta_sidebar":"","neve_meta_container":"","neve_meta_enable_content_width":"on","neve_meta_content_width":100,"neve_meta_title_alignment":"","neve_meta_author_avatar":"","neve_post_elements_order":"","neve_meta_disable_header":"","neve_meta_disable_footer":"","neve_meta_disable_title":"on","footnotes":""},"class_list":["post-22","page","type-page","status-publish","hentry"],"_links":{"self":[{"href":"https:\/\/www.novea-serenite.com\/index.php\/wp-json\/wp\/v2\/pages\/22","targetHints":{"allow":["GET"]}}],"collection":[{"href":"https:\/\/www.novea-serenite.com\/index.php\/wp-json\/wp\/v2\/pages"}],"about":[{"href":"https:\/\/www.novea-serenite.com\/index.php\/wp-json\/wp\/v2\/types\/page"}],"author":[{"embeddable":true,"href":"https:\/\/www.novea-serenite.com\/index.php\/wp-json\/wp\/v2\/users\/1"}],"replies":[{"embeddable":true,"href":"https:\/\/www.novea-serenite.com\/index.php\/wp-json\/wp\/v2\/comments?post=22"}],"version-history":[{"count":10,"href":"https:\/\/www.novea-serenite.com\/index.php\/wp-json\/wp\/v2\/pages\/22\/revisions"}],"predecessor-version":[{"id":294,"href":"https:\/\/www.novea-serenite.com\/index.php\/wp-json\/wp\/v2\/pages\/22\/revisions\/294"}],"wp:attachment":[{"href":"https:\/\/www.novea-serenite.com\/index.php\/wp-json\/wp\/v2\/media?parent=22"}],"curies":[{"name":"wp","href":"https:\/\/api.w.org\/{rel}","templated":true}]}}