{"id":21,"date":"2025-10-16T19:50:42","date_gmt":"2025-10-16T19:50:42","guid":{"rendered":"https:\/\/www.novea-serenite.com\/?page_id=21"},"modified":"2025-11-19T21:02:16","modified_gmt":"2025-11-19T21:02:16","slug":"a-propos","status":"publish","type":"page","link":"https:\/\/www.novea-serenite.com\/index.php\/a-propos\/","title":{"rendered":"\u00c0 propos"},"content":{"rendered":"\n<div class=\"wp-block-cover alignfull\" style=\"min-height:320px;aspect-ratio:unset;\"><span aria-hidden=\"true\" class=\"wp-block-cover__background has-nv-site-bg-background-color has-background-dim-100 has-background-dim\"><\/span><div class=\"wp-block-cover__inner-container is-layout-flow wp-block-cover-is-layout-flow\">\n<div class=\"wp-block-group\" style=\"padding-right:var(--wp--preset--spacing--30);padding-left:var(--wp--preset--spacing--30)\"><div class=\"wp-block-group__inner-container is-layout-flow wp-block-group-is-layout-flow\">\n<h1 class=\"wp-block-heading has-text-align-left has-neve-text-color-color has-text-color\">\u00c0 propos<\/h1>\n<\/div><\/div>\n<\/div><\/div>\n\n\n\n<div class=\"wp-block-cover alignfull\" style=\"min-height:600px;aspect-ratio:unset;\"><span aria-hidden=\"true\" class=\"wp-block-cover__background has-nv-light-bg-background-color has-background-dim-100 has-background-dim\"><\/span><div class=\"wp-block-cover__inner-container is-layout-flow wp-block-cover-is-layout-flow\">\n<div class=\"wp-block-group\"><div class=\"wp-block-group__inner-container is-layout-flow wp-block-group-is-layout-flow\">\n<div style=\"height:80px\" aria-hidden=\"true\" class=\"wp-block-spacer\"><\/div>\n\n\n\n<div class=\"wp-block-columns are-vertically-aligned-center has-neve-text-color-color has-text-color is-layout-flex wp-container-core-columns-is-layout-9d6595d7 wp-block-columns-is-layout-flex\">\n<div class=\"wp-block-column is-vertically-aligned-center is-layout-flow wp-block-column-is-layout-flow\" style=\"padding-right:var(--wp--preset--spacing--30);padding-left:var(--wp--preset--spacing--30);flex-basis:50%\">\n<figure class=\"wp-block-image size-full has-custom-border\"><img data-opt-id=1856764438  fetchpriority=\"high\" decoding=\"async\" width=\"1280\" height=\"853\" src=\"https:\/\/mlx4fwu4tjnv.i.optimole.com\/w:auto\/h:auto\/q:mauto\/f:best\/http:\/\/www.novea-serenite.com\/wp-content\/uploads\/2025\/11\/account-9913944_1280.jpg\" alt=\"\" class=\"wp-image-323\" style=\"border-radius:16px\" srcset=\"https:\/\/mlx4fwu4tjnv.i.optimole.com\/w:1280\/h:853\/q:mauto\/f:best\/https:\/\/www.novea-serenite.com\/wp-content\/uploads\/2025\/11\/account-9913944_1280.jpg 1280w, https:\/\/mlx4fwu4tjnv.i.optimole.com\/w:300\/h:200\/q:mauto\/f:best\/https:\/\/www.novea-serenite.com\/wp-content\/uploads\/2025\/11\/account-9913944_1280.jpg 300w, https:\/\/mlx4fwu4tjnv.i.optimole.com\/w:1024\/h:682\/q:mauto\/f:best\/https:\/\/www.novea-serenite.com\/wp-content\/uploads\/2025\/11\/account-9913944_1280.jpg 1024w, https:\/\/mlx4fwu4tjnv.i.optimole.com\/w:768\/h:512\/q:mauto\/f:best\/https:\/\/www.novea-serenite.com\/wp-content\/uploads\/2025\/11\/account-9913944_1280.jpg 768w, https:\/\/mlx4fwu4tjnv.i.optimole.com\/w:930\/h:620\/q:mauto\/f:best\/https:\/\/www.novea-serenite.com\/wp-content\/uploads\/2025\/11\/account-9913944_1280.jpg 930w\" sizes=\"(max-width: 1200px) 100vw, 1200px\" \/><\/figure>\n<\/div>\n\n\n\n<div class=\"wp-block-column is-vertically-aligned-center is-layout-flow wp-block-column-is-layout-flow\" style=\"padding-top:0;padding-right:var(--wp--preset--spacing--30);padding-bottom:0;padding-left:var(--wp--preset--spacing--30);flex-basis:50%\">\n<h2 class=\"wp-block-heading has-neve-text-color-color has-text-color\">Notre Identit\u00e9 : L&rsquo;Expertise au Service de Votre Ambition<\/h2>\n\n\n\n<p class=\"has-neve-text-color-color has-text-color\">Notre entreprise a \u00e9t\u00e9 fond\u00e9e sur une conviction simple : le succ\u00e8s de nos clients est la mesure ultime de notre propre r\u00e9ussite. <\/p>\n\n\n\n<p class=\"has-neve-text-color-color has-text-color\">Au-del\u00e0 de la fourniture de services, nous nous positionnons comme un <strong>partenaire strat\u00e9gique<\/strong>&nbsp;v\u00e9ritablement int\u00e9gr\u00e9 \u00e0 vos enjeux. Nous ne nous contentons pas d&rsquo;appliquer des solutions standard ; nous prenons le temps d&rsquo;analyser en profondeur votre \u00e9cosyst\u00e8me unique pour co-construire des strat\u00e9gies et des actions&nbsp;<strong>sur-mesure<\/strong>. <\/p>\n\n\n\n<p class=\"has-neve-text-color-color has-text-color\">C&rsquo;est cette approche collaborative, nourrie par une expertise sectorielle solide, qui nous permet de transformer les d\u00e9fis en opportunit\u00e9s concr\u00e8tes et durables.<\/p>\n\n\n\n<p class=\"has-neve-text-color-color has-text-color\"><\/p>\n<\/div>\n<\/div>\n\n\n\n<div style=\"height:40px\" aria-hidden=\"true\" class=\"wp-block-spacer\"><\/div>\n<\/div><\/div>\n<\/div><\/div>\n\n\n\n<div class=\"wp-block-cover alignfull\" style=\"min-height:600px;aspect-ratio:unset;\"><span aria-hidden=\"true\" class=\"wp-block-cover__background has-custom-7-background-color has-background-dim-100 has-background-dim\"><\/span><div class=\"wp-block-cover__inner-container is-layout-flow wp-block-cover-is-layout-flow\">\n<div class=\"wp-block-group\"><div class=\"wp-block-group__inner-container is-layout-flow wp-block-group-is-layout-flow\">\n<div style=\"height:80px\" aria-hidden=\"true\" class=\"wp-block-spacer\"><\/div>\n\n\n\n<div class=\"wp-block-columns are-vertically-aligned-center is-layout-flex wp-container-core-columns-is-layout-9d6595d7 wp-block-columns-is-layout-flex\">\n<div class=\"wp-block-column is-vertically-aligned-center is-layout-flow wp-block-column-is-layout-flow\" style=\"padding-right:var(--wp--preset--spacing--30);padding-left:var(--wp--preset--spacing--30);flex-basis:50%\">\n<h2 class=\"wp-block-heading has-nv-text-dark-bg-color has-text-color\">Une M\u00e9thode \u00c9prouv\u00e9e, Un Impact Garanti<\/h2>\n\n\n\n<p><\/p>\n\n\n\n<p class=\"has-nv-text-dark-bg-color has-text-color\">Dans un environnement en constante \u00e9volution, notre capacit\u00e9 \u00e0&nbsp;<strong>anticiper<\/strong>&nbsp;et \u00e0 int\u00e9grer l&rsquo;innovation est notre force. Notre processus d&rsquo;intervention repose sur une m\u00e9thodologie rigoureuse et transparente, garantissant la&nbsp;<strong>qualit\u00e9<\/strong>&nbsp;et la&nbsp;<strong>fiabilit\u00e9<\/strong>&nbsp;de chaque livrable. De la phase de diagnostic initial \u00e0 la mise en \u0153uvre et au suivi post-projet, chaque \u00e9tape est con\u00e7ue pour maximiser votre retour sur investissement. <\/p>\n\n\n\n<p class=\"has-nv-text-dark-bg-color has-text-color\">Nous nous engageons \u00e0 vous fournir non seulement des recommandations claires, mais surtout des&nbsp;<strong>r\u00e9sultats mesurables<\/strong>&nbsp;qui contribuent directement \u00e0 la croissance, \u00e0 l&rsquo;efficacit\u00e9 et \u00e0 la p\u00e9rennit\u00e9 de votre organisation..<\/p>\n\n\n\n<div style=\"height:20px\" aria-hidden=\"true\" class=\"wp-block-spacer\"><\/div>\n\n\n\n<div class=\"wp-block-buttons has-custom-font-size has-small-font-size is-content-justification-left is-layout-flex wp-container-core-buttons-is-layout-fdcfc74e wp-block-buttons-is-layout-flex\">\n<div class=\"wp-block-button is-style-default\"><a class=\"wp-block-button__link has-nv-text-dark-bg-color has-custom-5-background-color has-text-color has-background has-link-color has-custom-font-size wp-element-button\" href=\"https:\/\/calendar.app.google\/etbr3xHvaoSk3Gds7\" style=\"font-size:16px\" target=\"_blank\" rel=\"noreferrer noopener\"><strong> un Audit Gratuit de 15 minutes<\/strong><\/a><\/div>\n<\/div>\n\n\n\n<div style=\"height:20px\" aria-hidden=\"true\" class=\"wp-block-spacer\"><\/div>\n<\/div>\n\n\n\n<div class=\"wp-block-column is-vertically-aligned-center is-layout-flow wp-block-column-is-layout-flow\" style=\"padding-right:var(--wp--preset--spacing--30);padding-left:var(--wp--preset--spacing--30);flex-basis:50%\"><div class=\"wp-block-image\">\n<figure class=\"aligncenter size-full is-resized has-custom-border\"><img data-opt-id=101036536  fetchpriority=\"high\" decoding=\"async\" width=\"1024\" height=\"1024\" src=\"https:\/\/mlx4fwu4tjnv.i.optimole.com\/w:auto\/h:auto\/q:mauto\/f:best\/https:\/\/www.novea-serenite.com\/wp-content\/uploads\/2025\/11\/5.png\" alt=\"\" class=\"wp-image-336\" style=\"border-radius:16px;width:427px;height:auto\" srcset=\"https:\/\/mlx4fwu4tjnv.i.optimole.com\/w:1024\/h:1024\/q:mauto\/f:best\/https:\/\/www.novea-serenite.com\/wp-content\/uploads\/2025\/11\/5.png 1024w, https:\/\/mlx4fwu4tjnv.i.optimole.com\/w:300\/h:300\/q:mauto\/f:best\/https:\/\/www.novea-serenite.com\/wp-content\/uploads\/2025\/11\/5.png 300w, https:\/\/mlx4fwu4tjnv.i.optimole.com\/w:150\/h:150\/q:mauto\/f:best\/https:\/\/www.novea-serenite.com\/wp-content\/uploads\/2025\/11\/5.png 150w, https:\/\/mlx4fwu4tjnv.i.optimole.com\/w:768\/h:768\/q:mauto\/f:best\/https:\/\/www.novea-serenite.com\/wp-content\/uploads\/2025\/11\/5.png 768w\" sizes=\"(max-width: 1024px) 100vw, 1024px\" \/><\/figure>\n<\/div><\/div>\n<\/div>\n\n\n\n<div style=\"height:40px\" aria-hidden=\"true\" class=\"wp-block-spacer\"><\/div>\n<\/div><\/div>\n<\/div><\/div>\n\n\n\n<div class=\"wp-block-cover alignfull has-nv-site-bg-color has-text-color has-link-color wp-elements-f3f4faf22c4210e81250e55510921273\" style=\"min-height:600px;aspect-ratio:unset;\"><span aria-hidden=\"true\" class=\"wp-block-cover__background has-neve-link-hover-color-background-color has-background-dim-100 has-background-dim\"><\/span><div class=\"wp-block-cover__inner-container is-layout-flow wp-block-cover-is-layout-flow\">\n<div class=\"wp-block-group\"><div class=\"wp-block-group__inner-container is-layout-flow wp-block-group-is-layout-flow\">\n<div style=\"height:80px\" aria-hidden=\"true\" class=\"wp-block-spacer\"><\/div>\n\n\n\n<div class=\"wp-block-columns are-vertically-aligned-center has-neve-text-color-color has-text-color is-layout-flex wp-container-core-columns-is-layout-9d6595d7 wp-block-columns-is-layout-flex\">\n<div class=\"wp-block-column is-vertically-aligned-center is-layout-flow wp-block-column-is-layout-flow\" style=\"padding-right:var(--wp--preset--spacing--30);padding-left:var(--wp--preset--spacing--30);flex-basis:50%\">\n<figure class=\"wp-block-image size-full has-custom-border\"><img data-opt-id=1012277919  data-opt-src=\"https:\/\/mlx4fwu4tjnv.i.optimole.com\/w:auto\/h:auto\/q:mauto\/f:best\/https:\/\/www.novea-serenite.com\/wp-content\/uploads\/2025\/11\/4.png\"  decoding=\"async\" width=\"1024\" height=\"1024\" src=\"data:image/svg+xml,%3Csvg%20viewBox%3D%220%200%20100%%20100%%22%20width%3D%22100%%22%20height%3D%22100%%22%20xmlns%3D%22http%3A%2F%2Fwww.w3.org%2F2000%2Fsvg%22%3E%3Crect%20width%3D%22100%%22%20height%3D%22100%%22%20fill%3D%22transparent%22%2F%3E%3C%2Fsvg%3E\" alt=\"\" class=\"wp-image-337\" style=\"border-radius:16px\" old-srcset=\"https:\/\/mlx4fwu4tjnv.i.optimole.com\/w:1024\/h:1024\/q:mauto\/f:best\/https:\/\/www.novea-serenite.com\/wp-content\/uploads\/2025\/11\/4.png 1024w, https:\/\/mlx4fwu4tjnv.i.optimole.com\/w:300\/h:300\/q:mauto\/f:best\/https:\/\/www.novea-serenite.com\/wp-content\/uploads\/2025\/11\/4.png 300w, https:\/\/mlx4fwu4tjnv.i.optimole.com\/w:150\/h:150\/q:mauto\/f:best\/https:\/\/www.novea-serenite.com\/wp-content\/uploads\/2025\/11\/4.png 150w, https:\/\/mlx4fwu4tjnv.i.optimole.com\/w:768\/h:768\/q:mauto\/f:best\/https:\/\/www.novea-serenite.com\/wp-content\/uploads\/2025\/11\/4.png 768w\" \/><\/figure>\n<\/div>\n\n\n\n<div class=\"wp-block-column is-vertically-aligned-center is-layout-flow wp-block-column-is-layout-flow\" style=\"padding-top:0;padding-right:var(--wp--preset--spacing--30);padding-bottom:0;padding-left:var(--wp--preset--spacing--30);flex-basis:50%\">\n<h2 class=\"wp-block-heading has-nv-site-bg-color has-text-color\">Une \u00c9quipe Unie par l&rsquo;Excellence et l&rsquo;Engagement<\/h2>\n\n\n\n<p class=\"has-nv-site-bg-color has-text-color\">L&rsquo;excellence de notre service repose avant tout sur la&nbsp;<strong>qualit\u00e9<\/strong>&nbsp;de nos talents. Notre \u00e9quipe est compos\u00e9e de professionnels passionn\u00e9s, experts dans leurs domaines respectifs, qui partagent un ensemble de&nbsp;<strong>valeurs fortes<\/strong>&nbsp;: l&rsquo;int\u00e9grit\u00e9, le respect, et une qu\u00eate constante de performance. <\/p>\n\n\n\n<p class=\"has-nv-site-bg-color has-text-color\">Cette synergie d&rsquo;expertises diverses nous permet d&rsquo;aborder vos probl\u00e9matiques sous tous les angles. <\/p>\n\n\n\n<p class=\"has-nv-site-bg-color has-text-color\">C&rsquo;est cet engagement quotidien \u00e0 agir de mani\u00e8re responsable et \u00e9thique, d\u00e9taill\u00e9 dans notre section \u00ab\u00a0Nos Engagements\u00a0\u00bb, qui fonde la confiance que nous construisons avec chaque client<\/p>\n\n\n\n<p class=\"has-neve-text-color-color has-text-color\"><\/p>\n<\/div>\n<\/div>\n\n\n\n<div style=\"height:40px\" aria-hidden=\"true\" class=\"wp-block-spacer\"><\/div>\n<\/div><\/div>\n<\/div><\/div>\n\n\n\n<div class=\"wp-block-cover alignfull\" style=\"min-height:420px;aspect-ratio:unset;\"><span aria-hidden=\"true\" class=\"wp-block-cover__background has-custom-3-background-color has-background-dim-100 has-background-dim\"><\/span><div class=\"wp-block-cover__inner-container is-layout-flow wp-block-cover-is-layout-flow\">\n<div style=\"height:80px\" aria-hidden=\"true\" class=\"wp-block-spacer\"><\/div>\n\n\n\n<div class=\"wp-block-columns is-layout-flex wp-container-core-columns-is-layout-9d6595d7 wp-block-columns-is-layout-flex\">\n<div class=\"wp-block-column ticss-4ce656f1 is-layout-flow wp-block-column-is-layout-flow\" style=\"padding-right:var(--wp--preset--spacing--30);padding-left:var(--wp--preset--spacing--30)\"><div class=\"wp-block-image icon-style is-style-default\">\n<figure class=\"aligncenter size-full\"><img data-opt-id=1087184645  data-opt-src=\"https:\/\/mlx4fwu4tjnv.i.optimole.com\/w:auto\/h:auto\/q:mauto\/f:best\/https:\/\/www.novea-serenite.com\/wp-content\/themes\/neve\/assets\/img\/starter-content\/neve-marketing-icon-1.png\"  decoding=\"async\" src=\"data:image/svg+xml,%3Csvg%20viewBox%3D%220%200%20100%%20100%%22%20width%3D%22100%%22%20height%3D%22100%%22%20xmlns%3D%22http%3A%2F%2Fwww.w3.org%2F2000%2Fsvg%22%3E%3Crect%20width%3D%22100%%22%20height%3D%22100%%22%20fill%3D%22transparent%22%2F%3E%3C%2Fsvg%3E\" alt=\"\"\/><\/figure>\n<\/div>\n\n\n<div style=\"height:24px\" aria-hidden=\"true\" class=\"wp-block-spacer\"><\/div>\n\n\n\n<h3 class=\"wp-block-heading has-text-align-center has-neve-text-color-color has-text-color\">Croissance Ax\u00e9e sur les R\u00e9sultats<\/h3>\n\n\n\n<p class=\"has-text-align-center has-neve-text-color-color has-text-color\">Nous nous engageons \u00e0 transformer chaque mission en une&nbsp;<strong>opportunit\u00e9 de croissance mesurable<\/strong>. Notre objectif principal est d&rsquo;apporter une&nbsp;<strong>valeur ajout\u00e9e concr\u00e8te<\/strong>&nbsp;et de garantir un retour sur investissement tangible pour votre entreprise, en alignant nos actions sur vos objectifs strat\u00e9giques.<\/p>\n\n\n\n<div style=\"height:20px\" aria-hidden=\"true\" class=\"wp-block-spacer\"><\/div>\n<\/div>\n\n\n\n<div class=\"wp-block-column ticss-f6fc7494 is-layout-flow wp-block-column-is-layout-flow\" style=\"padding-right:var(--wp--preset--spacing--30);padding-left:var(--wp--preset--spacing--30)\"><div class=\"wp-block-image icon-style is-style-default\">\n<figure class=\"aligncenter size-full\"><img data-opt-id=2071431692  data-opt-src=\"https:\/\/mlx4fwu4tjnv.i.optimole.com\/w:auto\/h:auto\/q:mauto\/f:best\/https:\/\/www.novea-serenite.com\/wp-content\/themes\/neve\/assets\/img\/starter-content\/neve-marketing-icon-2.png\"  decoding=\"async\" src=\"data:image/svg+xml,%3Csvg%20viewBox%3D%220%200%20100%%20100%%22%20width%3D%22100%%22%20height%3D%22100%%22%20xmlns%3D%22http%3A%2F%2Fwww.w3.org%2F2000%2Fsvg%22%3E%3Crect%20width%3D%22100%%22%20height%3D%22100%%22%20fill%3D%22transparent%22%2F%3E%3C%2Fsvg%3E\" alt=\"\"\/><\/figure>\n<\/div>\n\n\n<div style=\"height:24px\" aria-hidden=\"true\" class=\"wp-block-spacer\"><\/div>\n\n\n\n<h3 class=\"wp-block-heading has-text-align-center has-neve-text-color-color has-text-color\">Partenariat Strat\u00e9gique et Humain <\/h3>\n\n\n\n<p class=\"has-text-align-center has-neve-text-color-color has-text-color\">Nous croyons en un&nbsp;<strong>partenariat \u00e9troit et transparent<\/strong>. Plut\u00f4t que de simples prestataires, nous sommes vos co\u00e9quipiers. Votre expertise interne, combin\u00e9e \u00e0 notre savoir-faire sectoriel, est la cl\u00e9 pour&nbsp;<strong>co-construire des solutions<\/strong>&nbsp;sur-mesure et efficaces<\/p>\n\n\n\n<div style=\"height:20px\" aria-hidden=\"true\" class=\"wp-block-spacer\"><\/div>\n<\/div>\n\n\n\n<div class=\"wp-block-column ticss-a5b4df29 is-layout-flow wp-block-column-is-layout-flow\" style=\"padding-right:var(--wp--preset--spacing--30);padding-left:var(--wp--preset--spacing--30)\"><div class=\"wp-block-image icon-style is-style-default\">\n<figure class=\"aligncenter size-full\"><img data-opt-id=776258095  data-opt-src=\"https:\/\/mlx4fwu4tjnv.i.optimole.com\/w:auto\/h:auto\/q:mauto\/f:best\/https:\/\/www.novea-serenite.com\/wp-content\/themes\/neve\/assets\/img\/starter-content\/neve-marketing-icon-3.1.png\"  decoding=\"async\" src=\"data:image/svg+xml,%3Csvg%20viewBox%3D%220%200%20100%%20100%%22%20width%3D%22100%%22%20height%3D%22100%%22%20xmlns%3D%22http%3A%2F%2Fwww.w3.org%2F2000%2Fsvg%22%3E%3Crect%20width%3D%22100%%22%20height%3D%22100%%22%20fill%3D%22transparent%22%2F%3E%3C%2Fsvg%3E\" alt=\"\"\/><\/figure>\n<\/div>\n\n\n<div style=\"height:24px\" aria-hidden=\"true\" class=\"wp-block-spacer\"><\/div>\n\n\n\n<h3 class=\"wp-block-heading has-text-align-center has-neve-text-color-color has-text-color\">Cr\u00e9ativit\u00e9 Bas\u00e9e sur les Donn\u00e9es<\/h3>\n\n\n\n<p class=\"has-text-align-center has-neve-text-color-color has-text-color\">Nos strat\u00e9gies ne reposent pas sur des intuitions, mais sur des&nbsp;<strong>analyses rigoureuses<\/strong>. Nous combinons l&rsquo;audace de l&rsquo;innovation et de la cr\u00e9ativit\u00e9 avec la&nbsp;<strong>pr\u00e9cision des donn\u00e9es<\/strong>&nbsp;pour concevoir des solutions pertinentes et p\u00e9rennes face aux d\u00e9fis du march\u00e9.<\/p>\n\n\n\n<div style=\"height:20px\" aria-hidden=\"true\" class=\"wp-block-spacer\"><\/div>\n<\/div>\n<\/div>\n\n\n\n<div style=\"height:30px\" aria-hidden=\"true\" class=\"wp-block-spacer\"><\/div>\n<\/div><\/div>\n","protected":false},"excerpt":{"rendered":"","protected":false},"author":1,"featured_media":0,"parent":0,"menu_order":0,"comment_status":"closed","ping_status":"closed","template":"","meta":{"neve_meta_sidebar":"","neve_meta_container":"","neve_meta_enable_content_width":"on","neve_meta_content_width":100,"neve_meta_title_alignment":"","neve_meta_author_avatar":"","neve_post_elements_order":"","neve_meta_disable_header":"","neve_meta_disable_footer":"","neve_meta_disable_title":"on","footnotes":""},"class_list":["post-21","page","type-page","status-publish","hentry"],"_links":{"self":[{"href":"https:\/\/www.novea-serenite.com\/index.php\/wp-json\/wp\/v2\/pages\/21","targetHints":{"allow":["GET"]}}],"collection":[{"href":"https:\/\/www.novea-serenite.com\/index.php\/wp-json\/wp\/v2\/pages"}],"about":[{"href":"https:\/\/www.novea-serenite.com\/index.php\/wp-json\/wp\/v2\/types\/page"}],"author":[{"embeddable":true,"href":"https:\/\/www.novea-serenite.com\/index.php\/wp-json\/wp\/v2\/users\/1"}],"replies":[{"embeddable":true,"href":"https:\/\/www.novea-serenite.com\/index.php\/wp-json\/wp\/v2\/comments?post=21"}],"version-history":[{"count":5,"href":"https:\/\/www.novea-serenite.com\/index.php\/wp-json\/wp\/v2\/pages\/21\/revisions"}],"predecessor-version":[{"id":342,"href":"https:\/\/www.novea-serenite.com\/index.php\/wp-json\/wp\/v2\/pages\/21\/revisions\/342"}],"wp:attachment":[{"href":"https:\/\/www.novea-serenite.com\/index.php\/wp-json\/wp\/v2\/media?parent=21"}],"curies":[{"name":"wp","href":"https:\/\/api.w.org\/{rel}","templated":true}]}}