{"id":150,"date":"2025-11-05T15:58:35","date_gmt":"2025-11-05T15:58:35","guid":{"rendered":"https:\/\/www.novea-serenite.com\/?page_id=150"},"modified":"2025-11-13T11:09:48","modified_gmt":"2025-11-13T11:09:48","slug":"nos-engagements","status":"publish","type":"page","link":"https:\/\/www.novea-serenite.com\/index.php\/nos-engagements\/","title":{"rendered":"Nos engagements"},"content":{"rendered":"\n<div class=\"wp-block-cover alignfull is-light\" style=\"min-height:630px;aspect-ratio:unset;\"><img data-opt-id=1144721073  fetchpriority=\"high\" decoding=\"async\" width=\"1024\" height=\"684\" class=\"wp-block-cover__image-background wp-image-317 size-large\" alt=\"\" src=\"https:\/\/mlx4fwu4tjnv.i.optimole.com\/w:1024\/h:684\/q:mauto\/f:best\/https:\/\/www.novea-serenite.com\/wp-content\/uploads\/2025\/11\/woman-7865937_1920-1.jpg\" data-object-fit=\"cover\" srcset=\"https:\/\/mlx4fwu4tjnv.i.optimole.com\/w:1024\/h:684\/q:mauto\/f:best\/https:\/\/www.novea-serenite.com\/wp-content\/uploads\/2025\/11\/woman-7865937_1920-1.jpg 1024w, https:\/\/mlx4fwu4tjnv.i.optimole.com\/w:300\/h:200\/q:mauto\/f:best\/https:\/\/www.novea-serenite.com\/wp-content\/uploads\/2025\/11\/woman-7865937_1920-1.jpg 300w, https:\/\/mlx4fwu4tjnv.i.optimole.com\/w:768\/h:513\/q:mauto\/f:best\/https:\/\/www.novea-serenite.com\/wp-content\/uploads\/2025\/11\/woman-7865937_1920-1.jpg 768w, https:\/\/mlx4fwu4tjnv.i.optimole.com\/w:1536\/h:1026\/q:mauto\/f:best\/https:\/\/www.novea-serenite.com\/wp-content\/uploads\/2025\/11\/woman-7865937_1920-1.jpg 1536w, https:\/\/mlx4fwu4tjnv.i.optimole.com\/w:930\/h:620\/q:mauto\/f:best\/https:\/\/www.novea-serenite.com\/wp-content\/uploads\/2025\/11\/woman-7865937_1920-1.jpg 930w, https:\/\/mlx4fwu4tjnv.i.optimole.com\/w:1920\/h:1282\/q:mauto\/f:best\/https:\/\/www.novea-serenite.com\/wp-content\/uploads\/2025\/11\/woman-7865937_1920-1.jpg 1920w\" sizes=\"(max-width: 1024px) 100vw, 1024px\" \/><span aria-hidden=\"true\" class=\"wp-block-cover__background has-background-dim-40 has-background-dim\" style=\"background-color:#c9bfb7\"><\/span><div class=\"wp-block-cover__inner-container is-layout-constrained wp-container-core-cover-is-layout-48c9aa2a wp-block-cover-is-layout-constrained\">\n<div style=\"height:100px\" aria-hidden=\"true\" class=\"wp-block-spacer\"><\/div>\n\n\n\n<h2 class=\"wp-block-heading has-text-align-center has-text-color has-link-color has-cormorant-font-family wp-elements-8a610bfdf8a45546a6f9889313c68f3a\" style=\"color:#ffffff;font-size:71px;font-style:normal;font-weight:400;text-transform:uppercase\">Notre Engagement : La Rigueur au Service de Votre S\u00e9r\u00e9nit\u00e9<\/h2>\n<\/div><\/div>\n\n\n\n<p class=\"has-text-align-center\">Chez&nbsp;<strong>Nov\u00e9a S\u00e9r\u00e9nit\u00e9<\/strong>, notre mission d\u00e9passe la simple gestion administrative et t\u00e9l\u00e9phonique. Elle repose sur un engagement de qualit\u00e9 et de transparence envers chaque client, qu&rsquo;il soit professionnel de sant\u00e9, entrepreneur ou particulier.<\/p>\n\n\n\n<div class=\"wp-block-group alignfull\" style=\"margin-top:0px;margin-bottom:0px;padding-top:0rem;padding-right:0;padding-left:0\"><div class=\"wp-block-group__inner-container is-layout-constrained wp-container-core-group-is-layout-902afbaf wp-block-group-is-layout-constrained\">\n<div class=\"wp-block-columns are-vertically-aligned-center is-layout-flex wp-container-core-columns-is-layout-474cbc49 wp-block-columns-is-layout-flex\" style=\"margin-top:0px;margin-bottom:0px;padding-top:var(--wp--preset--spacing--40);padding-right:0px;padding-bottom:var(--wp--preset--spacing--40);padding-left:0px\">\n<div class=\"wp-block-column is-vertically-aligned-center is-layout-flow wp-block-column-is-layout-flow\" style=\"padding-right:0px;padding-left:0px;flex-basis:50%\">\n<div class=\"wp-block-cover is-light\" style=\"padding-top:0px;padding-right:0px;padding-bottom:0px;padding-left:0px;min-height:650px;aspect-ratio:unset;\"><img data-opt-id=997797592  fetchpriority=\"high\" decoding=\"async\" class=\"wp-block-cover__image-background wp-image-1453\" alt=\"\" src=\"https:\/\/tyler.com\/wp-content\/uploads\/2023\/11\/stone-about.png\" style=\"object-position:3% 12%\" data-object-fit=\"cover\" data-object-position=\"3% 12%\"\/><span aria-hidden=\"true\" class=\"wp-block-cover__background has-background-dim-0 has-background-dim\"><\/span><div class=\"wp-block-cover__inner-container is-layout-flow wp-block-cover-is-layout-flow\">\n<p class=\"has-text-align-center has-large-font-size\"><\/p>\n<\/div><\/div>\n<\/div>\n\n\n\n<div class=\"wp-block-column is-vertically-aligned-center is-content-justification-left is-layout-constrained wp-container-core-column-is-layout-c8012837 wp-block-column-is-layout-constrained\" style=\"padding-right:0rem;padding-left:0rem\">\n<div class=\"wp-block-group is-horizontal is-content-justification-left is-layout-flex wp-container-core-group-is-layout-ccbcc8f7 wp-block-group-is-layout-flex\" style=\"margin-top:0px;margin-bottom:2rem;padding-right:1rem;padding-left:1rem;line-height:0.5\">\n<h2 class=\"wp-block-heading has-text-align-center has-neve-link-hover-color-color has-text-color has-cormorant-font-family\" style=\"margin-bottom:0rem;padding-right:0;padding-bottom:0px;font-size:1.7rem;font-style:normal;font-weight:400;line-height:0.6;text-transform:capitalize\"><strong>Confidentialit\u00e9 et Conformit\u00e9 Absolues<\/strong><\/h2>\n\n\n\n<p><\/p>\n\n\n\n<p class=\"has-text-color\" style=\"color:#3f3f3f;padding-top:var(--wp--preset--spacing--20);padding-right:0;padding-bottom:var(--wp--preset--spacing--20);padding-left:0;font-size:0.9rem;font-style:normal;font-weight:400;line-height:1.5\">Nous garantissons une discr\u00e9tion totale sur toutes les informations port\u00e9es \u00e0 notre connaissance. Nous agissons en tant que Sous-Traitant de vos donn\u00e9es et mettons en \u0153uvre tous les moyens n\u00e9cessaires pour assurer leur protection.<\/p>\n\n\n\n<p class=\"has-text-align-center has-nv-c-2-color has-text-color\" style=\"color:#3f3f3f;padding-top:var(--wp--preset--spacing--20);padding-right:0;padding-bottom:var(--wp--preset--spacing--20);padding-left:0;font-size:1.2rem;font-style:normal;font-weight:400;line-height:1.5\"><strong>P\u00f4le Administratif :<\/strong><\/p>\n\n\n\n<p class=\"has-text-color\" style=\"color:#3f3f3f;padding-top:var(--wp--preset--spacing--20);padding-right:0;padding-bottom:var(--wp--preset--spacing--20);padding-left:0;font-size:0.9rem;font-style:normal;font-weight:400;line-height:1.5\"><strong>Protection des Donn\u00e9es Clients :<\/strong>&nbsp;Stockage s\u00e9curis\u00e9 des documents, gestion des identifiants et acc\u00e8s strictement contr\u00f4l\u00e9s pour toutes vos donn\u00e9es professionnelles ou personnelles.<\/p>\n\n\n\n<p class=\"has-text-align-center has-custom-7-color has-text-color\" style=\"color:#3f3f3f;padding-top:var(--wp--preset--spacing--20);padding-right:0;padding-bottom:var(--wp--preset--spacing--20);padding-left:0;font-size:1.2rem;font-style:normal;font-weight:400;line-height:1.5\"><strong>P\u00f4le M\u00e9dical :<\/strong><\/p>\n\n\n\n<p class=\"has-text-color\" style=\"color:#3f3f3f;padding-top:var(--wp--preset--spacing--20);padding-right:0;padding-bottom:var(--wp--preset--spacing--20);padding-left:0;font-size:0.9rem;font-style:normal;font-weight:400;line-height:1.5\"><strong>Secret Professionnel :<\/strong>&nbsp;Respect strict du secret m\u00e9dical, fondement de notre professionnalisme.<\/p>\n\n\n\n<p class=\"has-text-color\" style=\"color:#3f3f3f;padding-top:var(--wp--preset--spacing--20);padding-right:0;padding-bottom:var(--wp--preset--spacing--20);padding-left:0;font-size:0.9rem;font-style:normal;font-weight:400;line-height:1.5\"><strong>MSSant\u00e9 &amp; RGPD :<\/strong>&nbsp;Ma\u00eetrise et utilisation s\u00e9curis\u00e9e de la&nbsp;<strong>Messagerie S\u00e9curis\u00e9e de Sant\u00e9 (MSSant\u00e9)<\/strong>&nbsp;par d\u00e9l\u00e9gation et conformit\u00e9 int\u00e9grale au&nbsp;<strong>R\u00e8glement G\u00e9n\u00e9ral sur la Protection des Donn\u00e9es (RGPD)<\/strong>.<\/p>\n<\/div>\n<\/div>\n<\/div>\n\n\n\n<div style=\"height:20px\" aria-hidden=\"true\" class=\"wp-block-spacer\"><\/div>\n\n\n\n<div style=\"height:20px\" aria-hidden=\"true\" class=\"wp-block-spacer\"><\/div>\n\n\n\n<div class=\"wp-block-group alignfull\" style=\"margin-top:0px;margin-bottom:0px;padding-right:0;padding-left:0\"><div class=\"wp-block-group__inner-container is-layout-constrained wp-container-core-group-is-layout-819e5e11 wp-block-group-is-layout-constrained\">\n<div class=\"wp-block-columns are-vertically-aligned-center is-layout-flex wp-container-core-columns-is-layout-c8aa54ac wp-block-columns-is-layout-flex\" style=\"margin-top:0px;margin-bottom:0px;padding-right:0px;padding-left:0px\">\n<div class=\"wp-block-column is-vertically-aligned-center is-content-justification-left is-layout-constrained wp-container-core-column-is-layout-9290a64d wp-block-column-is-layout-constrained\" style=\"padding-right:0rem;padding-left:60px;flex-basis:50%\">\n<div class=\"wp-block-group is-vertical is-layout-flex wp-container-core-group-is-layout-81efbc92 wp-block-group-is-layout-flex\" style=\"margin-top:0px;margin-bottom:2rem;padding-right:1rem;padding-left:1rem;line-height:0.5\">\n<h2 class=\"wp-block-heading has-text-align-center has-neve-link-hover-color-color has-text-color has-cormorant-font-family\" style=\"margin-bottom:0rem;padding-bottom:0px;font-size:1.7rem;font-style:normal;font-weight:400;line-height:0.6;text-transform:capitalize\"><strong>Protocole, Rigueur et Excellence <\/strong><\/h2>\n\n\n\n<p class=\"has-text-color has-link-color wp-elements-cae86380506d816b1f204a00ba8d3701\" style=\"color:#3f3f3f;margin-top:2rem;padding-top:0;padding-bottom:0;font-size:0.9rem;font-style:normal;font-weight:400;line-height:1.5\">Chaque mission commence par la r\u00e9daction et la validation d&rsquo;un Protocole de Gestion ou de Consignes Administratives claires, garantissant que chaque t\u00e2che est ex\u00e9cut\u00e9e avec une rigueur constante.<\/p>\n\n\n\n<p class=\"has-text-align-center has-custom-1-color has-text-color has-link-color wp-elements-9c5937d5b6572e2b21ef91c5a4915df3\" style=\"color:#3f3f3f;margin-top:2rem;padding-top:0;padding-bottom:0;font-size:1.2rem;font-style:normal;font-weight:400;line-height:1.5\"><strong>P\u00f4le Administratif :<\/strong><\/p>\n\n\n\n<p class=\"has-text-color has-link-color wp-elements-082ff135ebb268a273434d31424814d4\" style=\"color:#3f3f3f;margin-top:2rem;padding-top:0;padding-bottom:0;font-size:0.9rem;font-style:normal;font-weight:400;line-height:1.5\"><strong>Qualit\u00e9 de Saisie :<\/strong>&nbsp;Garantie d&rsquo;une saisie de documents, d&rsquo;une r\u00e9daction de courriers et d&rsquo;un classement sans faute.<\/p>\n\n\n\n<p class=\"has-text-color has-link-color wp-elements-2cf820505dadcc18910bc36b68d5451d\" style=\"color:#3f3f3f;margin-top:2rem;padding-top:0;padding-bottom:0;font-size:0.9rem;font-style:normal;font-weight:400;line-height:1.5\"><strong>Suivi des T\u00e2ches :<\/strong>&nbsp;Transparence sur l&rsquo;avancement des missions administratives externalis\u00e9es.<\/p>\n\n\n\n<p class=\"has-text-align-center has-custom-7-color has-text-color has-link-color wp-elements-3c9828660e0e44c1d7440dd5a39d941a\" style=\"color:#3f3f3f;margin-top:2rem;padding-top:0;padding-bottom:0;font-size:1.2rem;font-style:normal;font-weight:400;line-height:1.5\"><strong>P\u00f4le M\u00e9dical :<\/strong><\/p>\n\n\n\n<p class=\"has-text-color has-link-color wp-elements-b9724c2dc706699a2a95922461d82ce1\" style=\"color:#3f3f3f;margin-top:2rem;padding-top:0;padding-bottom:0;font-size:0.9rem;font-style:normal;font-weight:400;line-height:1.5\"><strong>Triage Qualifi\u00e9 :<\/strong>&nbsp;Application d&rsquo;un Protocole de Gestion des Appels (PGA) strict pour le triage des urgences et la qualification syst\u00e9matique de chaque patient.<\/p>\n\n\n\n<p class=\"has-text-color has-link-color wp-elements-1949911d5ba1d70ee95134f1bcd772d1\" style=\"color:#3f3f3f;margin-top:2rem;padding-top:0;padding-bottom:0;font-size:0.9rem;font-style:normal;font-weight:400;line-height:1.5\"><strong>Ma\u00eetrise Outil :<\/strong>&nbsp;Gestion experte de vos logiciels d&rsquo;agenda (Doctolib, Maiia, etc.) pour une planification sans erreur.<\/p>\n<\/div>\n<\/div>\n\n\n\n<div class=\"wp-block-column is-vertically-aligned-center is-layout-flow wp-block-column-is-layout-flow\" style=\"padding-right:0px;padding-left:0px;flex-basis:50%\">\n<div class=\"wp-block-cover is-light\" style=\"padding-top:0px;padding-right:0px;padding-bottom:0px;padding-left:0px;min-height:650px;aspect-ratio:unset;\"><img data-opt-id=924768114  data-opt-src=\"https:\/\/tyler.com\/wp-content\/uploads\/2023\/12\/st-about2-gb5.png\"  decoding=\"async\" class=\"wp-block-cover__image-background wp-image-4224\" alt=\"\" src=\"data:image/svg+xml,%3Csvg%20viewBox%3D%220%200%20100%%20100%%22%20width%3D%22100%%22%20height%3D%22100%%22%20xmlns%3D%22http%3A%2F%2Fwww.w3.org%2F2000%2Fsvg%22%3E%3Crect%20width%3D%22100%%22%20height%3D%22100%%22%20fill%3D%22transparent%22%2F%3E%3C%2Fsvg%3E\" data-object-fit=\"cover\"\/><span aria-hidden=\"true\" class=\"wp-block-cover__background has-background-dim-0 has-background-dim\"><\/span><div class=\"wp-block-cover__inner-container is-layout-flow wp-block-cover-is-layout-flow\">\n<p class=\"has-text-align-center has-large-font-size\"><\/p>\n<\/div><\/div>\n<\/div>\n<\/div>\n\n\n\n<div style=\"height:23px\" aria-hidden=\"true\" class=\"wp-block-spacer\"><\/div>\n<\/div><\/div>\n\n\n\n<div class=\"wp-block-columns are-vertically-aligned-center is-layout-flex wp-container-core-columns-is-layout-c8aa54ac wp-block-columns-is-layout-flex\" style=\"margin-top:0px;margin-bottom:0px;padding-right:0px;padding-left:0px\">\n<div class=\"wp-block-column is-vertically-aligned-center is-layout-flow wp-block-column-is-layout-flow\" style=\"padding-right:0px;padding-left:0px;flex-basis:50%\">\n<div class=\"wp-block-cover is-light\" style=\"padding-top:0px;padding-right:0px;padding-bottom:0px;padding-left:0px;min-height:650px;aspect-ratio:unset;\"><img data-opt-id=997797592  fetchpriority=\"high\" decoding=\"async\" class=\"wp-block-cover__image-background wp-image-1453\" alt=\"\" src=\"https:\/\/tyler.com\/wp-content\/uploads\/2023\/11\/stone-about.png\" style=\"object-position:3% 12%\" data-object-fit=\"cover\" data-object-position=\"3% 12%\"\/><span aria-hidden=\"true\" class=\"wp-block-cover__background has-background-dim-0 has-background-dim\"><\/span><div class=\"wp-block-cover__inner-container is-layout-flow wp-block-cover-is-layout-flow\">\n<p class=\"has-text-align-center has-large-font-size\"><\/p>\n<\/div><\/div>\n<\/div>\n\n\n\n<div class=\"wp-block-column is-vertically-aligned-center is-content-justification-left is-layout-constrained wp-container-core-column-is-layout-c8012837 wp-block-column-is-layout-constrained\" style=\"padding-right:0rem;padding-left:0rem\">\n<div class=\"wp-block-group is-vertical is-content-justification-left is-layout-flex wp-container-core-group-is-layout-929c8958 wp-block-group-is-layout-flex\" style=\"margin-top:0px;margin-bottom:2rem;padding-right:1rem;padding-left:1rem;line-height:0.5\">\n<h2 class=\"wp-block-heading has-text-align-center has-neve-link-hover-color-color has-text-color has-cormorant-font-family\" style=\"margin-bottom:0rem;padding-top:0;padding-right:0;padding-bottom:0px;font-size:1.7rem;line-height:0.6;text-transform:capitalize\"><strong><strong>Flexibilit\u00e9 Sur-Mesure et Transparence <\/strong><\/strong><\/h2>\n\n\n\n<p class=\"has-text-align-center has-neve-link-hover-color-color has-text-color has-link-color wp-elements-afe85fe9959aee283ad4fdce4342fbe1\" style=\"font-size:1.7rem\"><strong><strong><strong>Totale<\/strong><\/strong><\/strong> <strong>et Conformit\u00e9 Absolues<\/strong><\/p>\n\n\n\n<p><\/p>\n\n\n\n<p class=\"has-text-align-center has-text-color\" style=\"color:#3f3f3f;padding-top:var(--wp--preset--spacing--20);padding-bottom:var(--wp--preset--spacing--20);font-size:0.9rem;font-style:normal;font-weight:400;line-height:1.5\">Nos services s&rsquo;adaptent \u00e0 la saisonnalit\u00e9 de votre activit\u00e9 et \u00e0 l&rsquo;\u00e9volution de vos besoins, sans vous imposer de contraintes inutiles.<\/p>\n\n\n\n<p class=\"has-text-align-center has-neve-link-hover-color-color has-text-color\" style=\"color:#3f3f3f;padding-top:var(--wp--preset--spacing--20);padding-bottom:var(--wp--preset--spacing--20);font-size:1.2rem;font-style:normal;font-weight:400;line-height:1.5\"><strong>Engagement Financier :<\/strong><\/p>\n\n\n\n<p class=\"has-text-color\" style=\"color:#3f3f3f;padding-top:var(--wp--preset--spacing--20);padding-bottom:var(--wp--preset--spacing--20);font-size:0.9rem;font-style:normal;font-weight:400;line-height:1.5\"><strong>Z\u00e9ro Contrainte Salariale :<\/strong>&nbsp;Vous b\u00e9n\u00e9ficiez d&rsquo;un service qualifi\u00e9&nbsp;<strong>sans charges sociales<\/strong>&nbsp;et sans risque li\u00e9 \u00e0 l&#8217;embauche.<\/p>\n\n\n\n<p class=\"has-text-color\" style=\"color:#3f3f3f;padding-top:var(--wp--preset--spacing--20);padding-bottom:var(--wp--preset--spacing--20);font-size:0.9rem;font-style:normal;font-weight:400;line-height:1.5\"><strong>Facturation Claire :<\/strong>&nbsp;Que ce soit au forfait, avec option, \u00e0 l&rsquo;appel, ou au taux horaire, notre grille tarifaire est&nbsp;<strong>transparente<\/strong>&nbsp;et mentionn\u00e9e clairement sur le devis (TVA non applicable, art. 293 B du CGI).<\/p>\n\n\n\n<p class=\"has-text-align-center has-neve-link-hover-color-color has-text-color\" style=\"color:#3f3f3f;padding-top:var(--wp--preset--spacing--20);padding-bottom:var(--wp--preset--spacing--20);font-size:1.2rem;font-style:normal;font-weight:400;line-height:1.5\"><strong>Engagement Relationnel :<\/strong><\/p>\n\n\n\n<p class=\"has-text-color\" style=\"color:#3f3f3f;padding-top:var(--wp--preset--spacing--20);padding-bottom:var(--wp--preset--spacing--20);font-size:0.9rem;font-style:normal;font-weight:400;line-height:1.5\"><strong>Disponibilit\u00e9 :<\/strong>&nbsp;Nous vous garantissons une permanence professionnelle selon les plages horaires d\u00e9finies, avec un retour d&rsquo;information imm\u00e9diat.<\/p>\n\n\n\n<p class=\"has-text-color\" style=\"color:#3f3f3f;padding-top:var(--wp--preset--spacing--20);padding-bottom:var(--wp--preset--spacing--20);font-size:0.9rem;font-style:normal;font-weight:400;line-height:1.5\"><strong>Ind\u00e9pendance :<\/strong>&nbsp;Nous sommes votre partenaire externe, assurant une prestation objective et enti\u00e8rement d\u00e9di\u00e9e \u00e0 votre organisation.<\/p>\n<\/div>\n<\/div>\n<\/div>\n\n\n\n<div style=\"height:19px\" aria-hidden=\"true\" class=\"wp-block-spacer\"><\/div>\n<\/div><\/div>\n\n\n\n<div class=\"wp-block-cover alignfull\" style=\"margin-top:0px;margin-bottom:0px;padding-top:5.5rem;padding-bottom:5rem\"><img data-opt-id=1387361  data-opt-src=\"https:\/\/tyler.com\/wp-content\/uploads\/2023\/11\/stone-practice-area.jpg\"  decoding=\"async\" class=\"wp-block-cover__image-background wp-image-1454\" alt=\"\" src=\"data:image/svg+xml,%3Csvg%20viewBox%3D%220%200%20100%%20100%%22%20width%3D%22100%%22%20height%3D%22100%%22%20xmlns%3D%22http%3A%2F%2Fwww.w3.org%2F2000%2Fsvg%22%3E%3Crect%20width%3D%22100%%22%20height%3D%22100%%22%20fill%3D%22transparent%22%2F%3E%3C%2Fsvg%3E\" style=\"object-position:50% 51%\" data-object-fit=\"cover\" data-object-position=\"50% 51%\"\/><span aria-hidden=\"true\" class=\"wp-block-cover__background has-background-dim-0 has-background-dim\" style=\"background-color:#1d2840\"><\/span><div class=\"wp-block-cover__inner-container is-layout-constrained wp-container-core-cover-is-layout-c710334c wp-block-cover-is-layout-constrained\">\n<section class=\"wp-block-group has-text-color\" style=\"border-style:none;border-width:0px;color:#ffffff;margin-top:0px;padding-top:1rem;padding-right:1rem;padding-bottom:0rem;padding-left:1rem;font-size:1.13rem;font-style:normal;font-weight:400;line-height:1.4\"><div class=\"wp-block-group__inner-container is-layout-constrained wp-container-core-group-is-layout-be370e97 wp-block-group-is-layout-constrained\">\n<h2 class=\"wp-block-heading has-text-align-center has-text-color has-link-color wp-elements-29b67dbb6e3419c85f6ed6cdecea4831\" style=\"color:#ffffff;font-size:3rem;font-style:normal;font-weight:500;letter-spacing:0px;text-transform:uppercase\">Faites le choix de l&rsquo;expertise. Faites le choix de Nov\u00e9a S\u00e9r\u00e9nit\u00e9.<\/h2>\n<\/div><\/section>\n\n\n\n<p class=\"has-text-align-center has-text-color has-link-color has-mulish-font-family wp-elements-17647e794a28192282d0ef63963e1239\" style=\"color:#ffffff;font-size:16px\">Pr\u00eat(e) \u00e0 all\u00e9ger votre quotidien professionnel et personnel ? Chez Nov\u00e9a S\u00e9r\u00e9nit\u00e9, votre tranquillit\u00e9 est notre priorit\u00e9 absolue.&nbsp;<strong>Ne perdez plus votre temps, gagnez en s\u00e9r\u00e9nit\u00e9 d\u00e8s aujourd&rsquo;hui.<\/strong><\/p>\n\n\n\n<div class=\"wp-block-buttons is-horizontal is-content-justification-center is-layout-flex wp-container-core-buttons-is-layout-cdbfcf9f wp-block-buttons-is-layout-flex\" style=\"margin-top:2rem\">\n<div class=\"wp-block-button is-style-fill\"><a class=\"wp-block-button__link has-custom-5-background-color has-text-color has-background has-mulish-font-family has-custom-font-size wp-element-button\" style=\"border-style:none;border-width:0px;border-radius:0rem;color:#ffffff;padding-top:1.01rem;padding-right:1rem;padding-bottom:1.01rem;padding-left:1rem;font-size:0.9rem;font-style:normal;font-weight:600;line-height:1.5;text-transform:uppercase\"><strong>Demander un Audit Gratuit de 15 minutes<\/strong><\/a><\/div>\n<\/div>\n<\/div><\/div>\n\n\n\n<div class=\"wp-block-group alignfull\" style=\"margin-top:0px;margin-bottom:0px;padding-right:0;padding-left:0\"><div class=\"wp-block-group__inner-container is-layout-constrained wp-container-core-group-is-layout-8d13407b wp-block-group-is-layout-constrained\">\n<div style=\"height:51px\" aria-hidden=\"true\" class=\"wp-block-spacer\"><\/div>\n<\/div><\/div>\n\n\n\n<div class=\"wp-block-group alignfull\" style=\"margin-top:0px;margin-bottom:0px;padding-right:0;padding-left:0\"><div class=\"wp-block-group__inner-container is-layout-constrained wp-container-core-group-is-layout-8d13407b wp-block-group-is-layout-constrained\"><\/div><\/div>\n","protected":false},"excerpt":{"rendered":"<p>Chez&nbsp;Nov\u00e9a S\u00e9r\u00e9nit\u00e9, notre mission d\u00e9passe la simple gestion administrative et t\u00e9l\u00e9phonique. Elle repose sur un engagement de qualit\u00e9 et de transparence envers chaque client, qu&rsquo;il soit professionnel de sant\u00e9, entrepreneur ou particulier. Confidentialit\u00e9 et Conformit\u00e9 Absolues Nous garantissons une discr\u00e9tion totale sur toutes les informations port\u00e9es \u00e0 notre connaissance. Nous agissons en tant que Sous-Traitant&hellip;&nbsp;<a href=\"https:\/\/www.novea-serenite.com\/index.php\/nos-engagements\/\" rel=\"bookmark\"><span class=\"screen-reader-text\">Nos engagements<\/span><\/a><\/p>\n","protected":false},"author":1,"featured_media":0,"parent":0,"menu_order":0,"comment_status":"closed","ping_status":"closed","template":"","meta":{"neve_meta_sidebar":"","neve_meta_container":"","neve_meta_enable_content_width":"","neve_meta_content_width":0,"neve_meta_title_alignment":"","neve_meta_author_avatar":"","neve_post_elements_order":"","neve_meta_disable_header":"","neve_meta_disable_footer":"","neve_meta_disable_title":"","footnotes":""},"class_list":["post-150","page","type-page","status-publish","hentry"],"_links":{"self":[{"href":"https:\/\/www.novea-serenite.com\/index.php\/wp-json\/wp\/v2\/pages\/150","targetHints":{"allow":["GET"]}}],"collection":[{"href":"https:\/\/www.novea-serenite.com\/index.php\/wp-json\/wp\/v2\/pages"}],"about":[{"href":"https:\/\/www.novea-serenite.com\/index.php\/wp-json\/wp\/v2\/types\/page"}],"author":[{"embeddable":true,"href":"https:\/\/www.novea-serenite.com\/index.php\/wp-json\/wp\/v2\/users\/1"}],"replies":[{"embeddable":true,"href":"https:\/\/www.novea-serenite.com\/index.php\/wp-json\/wp\/v2\/comments?post=150"}],"version-history":[{"count":17,"href":"https:\/\/www.novea-serenite.com\/index.php\/wp-json\/wp\/v2\/pages\/150\/revisions"}],"predecessor-version":[{"id":340,"href":"https:\/\/www.novea-serenite.com\/index.php\/wp-json\/wp\/v2\/pages\/150\/revisions\/340"}],"wp:attachment":[{"href":"https:\/\/www.novea-serenite.com\/index.php\/wp-json\/wp\/v2\/media?parent=150"}],"curies":[{"name":"wp","href":"https:\/\/api.w.org\/{rel}","templated":true}]}}